{"id":156,"date":"2016-01-15T10:36:26","date_gmt":"2016-01-15T02:36:26","guid":{"rendered":"https:\/\/www.orthoglobalhealth.com\/fr\/?page_id=156"},"modified":"2019-12-06T10:44:35","modified_gmt":"2019-12-06T02:44:35","slug":"memoire-therapeutique-fonctionnelle","status":"publish","type":"page","link":"https:\/\/www.orthoglobalhealth.com\/fr\/memoire-therapeutique-fonctionnelle\/","title":{"rendered":"M\u00e9moire &#038; Th\u00e9rapeutique Fonctionnelle"},"content":{"rendered":"<p>[et_pb_section fb_built=\u00a0\u00bb1&Prime; admin_label=\u00a0\u00bbsection\u00a0\u00bb _builder_version=\u00a0\u00bb3.22&Prime;][et_pb_row admin_label=\u00a0\u00bbRow\u00a0\u00bb _builder_version=\u00a0\u00bb3.25&Prime; background_size=\u00a0\u00bbinitial\u00a0\u00bb background_position=\u00a0\u00bbtop_left\u00a0\u00bb background_repeat=\u00a0\u00bbrepeat\u00a0\u00bb][et_pb_column type=\u00a0\u00bb4_4&Prime; _builder_version=\u00a0\u00bb3.25&Prime; custom_padding=\u00a0\u00bb|||\u00a0\u00bb custom_padding__hover=\u00a0\u00bb|||\u00a0\u00bb][et_pb_post_title meta=\u00a0\u00bboff\u00a0\u00bb featured_image=\u00a0\u00bboff\u00a0\u00bb admin_label=\u00a0\u00bbPost Title\u00a0\u00bb _builder_version=\u00a0\u00bb3.0.87&Prime; title_all_caps=\u00a0\u00bboff\u00a0\u00bb background_color=\u00a0\u00bbrgba(255,255,255,0)\u00a0\u00bb parallax=\u00a0\u00bbon\u00a0\u00bb parallax_method=\u00a0\u00bboff\u00a0\u00bb parallax_effect=\u00a0\u00bbon\u00a0\u00bb module_bg_color=\u00a0\u00bbrgba(255,255,255,0)\u00a0\u00bb use_border_color=\u00a0\u00bboff\u00a0\u00bb border_color=\u00a0\u00bb#ffffff\u00a0\u00bb border_style=\u00a0\u00bbsolid\u00a0\u00bb][\/et_pb_post_title][\/et_pb_column][\/et_pb_row][et_pb_row admin_label=\u00a0\u00bbrow\u00a0\u00bb _builder_version=\u00a0\u00bb3.25&Prime; background_size=\u00a0\u00bbinitial\u00a0\u00bb background_position=\u00a0\u00bbtop_left\u00a0\u00bb background_repeat=\u00a0\u00bbrepeat\u00a0\u00bb][et_pb_column type=\u00a0\u00bb4_4&Prime; _builder_version=\u00a0\u00bb3.25&Prime; custom_padding=\u00a0\u00bb|||\u00a0\u00bb custom_padding__hover=\u00a0\u00bb|||\u00a0\u00bb][et_pb_text admin_label=\u00a0\u00bbText\u00a0\u00bb _builder_version=\u00a0\u00bb4.0.7&Prime; background_size=\u00a0\u00bbinitial\u00a0\u00bb background_position=\u00a0\u00bbtop_left\u00a0\u00bb background_repeat=\u00a0\u00bbrepeat\u00a0\u00bb hover_enabled=\u00a0\u00bb0&Prime; use_border_color=\u00a0\u00bboff\u00a0\u00bb border_color=\u00a0\u00bb#ffffff\u00a0\u00bb border_style=\u00a0\u00bbsolid\u00a0\u00bb]<\/p>\n<h2>M\u00e9moire<\/h2>\n<p>Jadis, en Chine, les m\u00e9decins recevaient des honoraires de leurs patients tant que ceux-ci \u00e9taient en bonne sant\u00e9, mais d\u00e8s que les maladies survenaient, les m\u00e9decins ne percevaient plus d&rsquo;honoraires, c&rsquo;\u00e9tait le bon sens qui dictait cette r\u00e8gle.<\/p>\n<p>Cette logique ne para\u00eet plus \u00eatre d&rsquo;actualit\u00e9 de nos jours. En effet, dans le domaine m\u00e9dical, tous nos efforts sont orient\u00e9s vers les th\u00e9rapeutiques massives.<\/p>\n<p>La pr\u00e9vention et l&rsquo;interception sont n\u00e9glig\u00e9es. Beaucoup d&rsquo;orthodontistes attendent que toutes les dents d\u00e9finitives soient \u00e9valu\u00e9es et le traitement est presque toujours r\u00e9alis\u00e9 avec un appareil multibagues apr\u00e8s avulsion des pr\u00e9molaires dans le cas de Dysharmonie Dento-Maxillaire.<\/p>\n<p>Cette approche n&rsquo;est pas tr\u00e8s efficace, mais longue, compliqu\u00e9e, on\u00e9reuse et lourde pour le patient et la soci\u00e9t\u00e9. Un certain nombre de ces traitements auraient pu \u00eatre simplifi\u00e9s et \u00e9vit\u00e9s dans certains cas si une interception avait \u00e9t\u00e9 pr\u00e9alablement r\u00e9alis\u00e9e. Seuls les bons cliniciens sont efficaces dans ce domaine, malheureusement ils disparaissent et sont progressivement remplac\u00e9s par des techniciens.<\/p>\n<p>Il faut examiner l&rsquo;enfant le plus t\u00f4t possible et adapter le traitement \u00e0 chaque patient, ainsi on pourra inclure une p\u00e9riode interceptive et un traitement m\u00e9canique entre ces deux moments. Toute une s\u00e9rie de gestes peuvent \u00eatre utilis\u00e9s, permettant des corrections. Les traitements peuvent \u00eatre \u00e9vit\u00e9s ou raccourcis gr\u00e2ce \u00e0 l&rsquo;interception qui, selon le dictionnaire, est \u201cl&rsquo;interruption de quelqu&rsquo;un ou de quelque chose en cours avant son arriv\u00e9e\u201d.<\/p>\n<p>Donc, pourquoi ne pas traiter avant d&rsquo;attendre les complications. L&rsquo;interception orthodontique est un acte th\u00e9rapeutique, le plus souvent pr\u00e9coce, permettant d&rsquo;obtenir la correction partielle ou totale d&rsquo;une dysmorphose ou d&rsquo;\u00e9viter son aggravation.<\/p>\n<p>Il est important de la diff\u00e9rencier de la pr\u00e9vention (ou prophylaxie) qui n&rsquo;est pas l&rsquo;objet de notre sujet.\u2028La pr\u00e9vention orthodontique est constitu\u00e9e de l&rsquo;ensemble des moyens mis en \u0153uvre pour emp\u00eacher l&rsquo;apparition d&rsquo;une dysmorphose.\u2028Le traitement interceptif se r\u00e9alise alors que la dysmorphose existe d\u00e9j\u00e0 avec une manifestation plus ou moins importante. La pr\u00e9vention intervenant avant l&rsquo;apparition des complications.<\/p>\n<p>Monsieur De Coster a dit : \u201cCelui qui laisse une malformation vieillir laisse simplement ses chances de succ\u00e8s s&rsquo;envoler lentement\u201d.<\/p>\n<h2>Th\u00e9rapeutique fonctionnelle<\/h2>\n<p>Il existe deux courants concernant la th\u00e9rapie orthop\u00e9dique dento-maxillo-faciale :<\/p>\n<p>&#8211; les m\u00e9canistes : les dysmorphoses sont \u00e0 l&rsquo;origine des dysfonctions. La fonction suit la forme entra\u00een\u00e9e, il faut corriger les dysmorphoses par l&rsquo;utilisation de force m\u00e9canique. La correction de la fonction se fera simultan\u00e9ment.<\/p>\n<p>&#8211; les fonctionnalistes : la fonction cr\u00e9e la forme. Il faut modifier l&rsquo;environnement fonctionnel qui cause les dysmorphoses, en utilisant les forces naturelles en pr\u00e9sence (musculature faciale, force \u00e9ruptive des dents, ph\u00e9nom\u00e8nes de croissance) pour aboutir lentement \u00e0 une harmonie.<\/p>\n<p>Pour Chateau : l&rsquo;orthop\u00e9die fonctionnelle modifie ou active une fonction pour modifier la forme.<br \/>Pour Dangy : l&rsquo;orthop\u00e9die fonctionnelle repr\u00e9sente l&rsquo;ensemble des moyens permettant de modifier la forme des arcades dentaires et la position des dents en utilisant le CNM au cours des fonctions.<br \/>Pour Mujz : \u201c\u00a0la th\u00e9rapeutique fonctionnelle orthop\u00e9dique est celle qui se fixe comme but de modifier la morphologie de l\u2019appareil dento-maxillo-facial pour obtenir un complexe architectonique plus adapt\u00e9 \u00e0 la fonction \u00e0 laquelle il est destin\u00e9 et \u00e0 l\u2019esth\u00e9tique du visage\u201d.<br \/>Pour Langlade : c\u2019est \u201cl\u2019exploitation pratique de la loi d\u2019adaptation de Lamark\u201d.<br \/>Pour Eschler : \u201cl&rsquo;ODFF (fonction ortho-dento-faciale) est une m\u00e9thode musculo-r\u00e9flexe\u201d.<br \/>Pour Muller : \u201cl&rsquo;ODFF est celle qui, pour arriver au meilleur r\u00e9sultat, utilise au maximum les forces naturelles\u201d.<\/p>\n<p>La th\u00e9rapeutique fonctionnelle a donc pour but d\u2019obtenir le d\u00e9veloppement harmonieux de l\u2019appareil dento-maxillo-facial par la stimulation de toutes les fonctions qui peuvent y concourir, sans utiliser des moyens m\u00e9caniques.<\/p>\n<p>La th\u00e9rapeutique fonctionnelle accuse cependant certaines limites li\u00e9es :<\/p>\n<ul>\n<li>Au concept m\u00eame<\/li>\n<li>Aux donn\u00e9es biologiques<\/li>\n<li>Aux moyens th\u00e9rapeutiques<\/li>\n<\/ul>\n<p>[\/et_pb_text][\/et_pb_column][\/et_pb_row][\/et_pb_section]<\/p>\n","protected":false},"excerpt":{"rendered":"<p>[et_pb_section fb_built=\u00a0\u00bb1&Prime; admin_label=\u00a0\u00bbsection\u00a0\u00bb _builder_version=\u00a0\u00bb3.22&Prime;][et_pb_row admin_label=\u00a0\u00bbRow\u00a0\u00bb _builder_version=\u00a0\u00bb3.25&Prime; background_size=\u00a0\u00bbinitial\u00a0\u00bb background_position=\u00a0\u00bbtop_left\u00a0\u00bb background_repeat=\u00a0\u00bbrepeat\u00a0\u00bb][et_pb_column type=\u00a0\u00bb4_4&Prime; _builder_version=\u00a0\u00bb3.25&Prime; custom_padding=\u00a0\u00bb|||\u00a0\u00bb custom_padding__hover=\u00a0\u00bb|||\u00a0\u00bb][et_pb_post_title meta=\u00a0\u00bboff\u00a0\u00bb featured_image=\u00a0\u00bboff\u00a0\u00bb admin_label=\u00a0\u00bbPost Title\u00a0\u00bb _builder_version=\u00a0\u00bb3.0.87&Prime; title_all_caps=\u00a0\u00bboff\u00a0\u00bb background_color=\u00a0\u00bbrgba(255,255,255,0)\u00a0\u00bb parallax=\u00a0\u00bbon\u00a0\u00bb parallax_method=\u00a0\u00bboff\u00a0\u00bb parallax_effect=\u00a0\u00bbon\u00a0\u00bb module_bg_color=\u00a0\u00bbrgba(255,255,255,0)\u00a0\u00bb use_border_color=\u00a0\u00bboff\u00a0\u00bb border_color=\u00a0\u00bb#ffffff\u00a0\u00bb border_style=\u00a0\u00bbsolid\u00a0\u00bb][\/et_pb_post_title][\/et_pb_column][\/et_pb_row][et_pb_row admin_label=\u00a0\u00bbrow\u00a0\u00bb _builder_version=\u00a0\u00bb3.25&Prime; background_size=\u00a0\u00bbinitial\u00a0\u00bb background_position=\u00a0\u00bbtop_left\u00a0\u00bb background_repeat=\u00a0\u00bbrepeat\u00a0\u00bb][et_pb_column type=\u00a0\u00bb4_4&Prime; _builder_version=\u00a0\u00bb3.25&Prime; custom_padding=\u00a0\u00bb|||\u00a0\u00bb custom_padding__hover=\u00a0\u00bb|||\u00a0\u00bb][et_pb_text admin_label=\u00a0\u00bbText\u00a0\u00bb _builder_version=\u00a0\u00bb4.0.7&Prime; background_size=\u00a0\u00bbinitial\u00a0\u00bb background_position=\u00a0\u00bbtop_left\u00a0\u00bb background_repeat=\u00a0\u00bbrepeat\u00a0\u00bb hover_enabled=\u00a0\u00bb0&Prime; use_border_color=\u00a0\u00bboff\u00a0\u00bb border_color=\u00a0\u00bb#ffffff\u00a0\u00bb border_style=\u00a0\u00bbsolid\u00a0\u00bb] M\u00e9moire Jadis, en Chine, les m\u00e9decins recevaient des honoraires de [&hellip;]<\/p>\n","protected":false},"author":1,"featured_media":0,"parent":0,"menu_order":0,"comment_status":"closed","ping_status":"closed","template":"","meta":{"_et_pb_use_builder":"on","_et_pb_old_content":"","_et_gb_content_width":"","footnotes":""},"class_list":["post-156","page","type-page","status-publish","hentry"],"yoast_head":"<!-- This site is optimized with the Yoast SEO plugin v23.6 - https:\/\/yoast.com\/wordpress\/plugins\/seo\/ -->\n<title>M\u00e9moire &amp; Th\u00e9rapeutique Fonctionnelle - Ortho Global Health<\/title>\n<meta name=\"robots\" content=\"index, follow, max-snippet:-1, max-image-preview:large, max-video-preview:-1\" \/>\n<link rel=\"canonical\" href=\"https:\/\/www.orthoglobalhealth.com\/fr\/memoire-therapeutique-fonctionnelle\/\" \/>\n<meta property=\"og:locale\" content=\"fr_FR\" \/>\n<meta property=\"og:type\" content=\"article\" \/>\n<meta property=\"og:title\" content=\"M\u00e9moire &amp; Th\u00e9rapeutique Fonctionnelle - Ortho Global Health\" \/>\n<meta property=\"og:description\" content=\"[et_pb_section fb_built=\u00a0\u00bb1&Prime; admin_label=\u00a0\u00bbsection\u00a0\u00bb _builder_version=\u00a0\u00bb3.22&Prime;][et_pb_row admin_label=\u00a0\u00bbRow\u00a0\u00bb _builder_version=\u00a0\u00bb3.25&Prime; background_size=\u00a0\u00bbinitial\u00a0\u00bb background_position=\u00a0\u00bbtop_left\u00a0\u00bb background_repeat=\u00a0\u00bbrepeat\u00a0\u00bb][et_pb_column type=\u00a0\u00bb4_4&Prime; _builder_version=\u00a0\u00bb3.25&Prime; custom_padding=\u00a0\u00bb|||\u00a0\u00bb custom_padding__hover=\u00a0\u00bb|||\u00a0\u00bb][et_pb_post_title meta=\u00a0\u00bboff\u00a0\u00bb featured_image=\u00a0\u00bboff\u00a0\u00bb admin_label=\u00a0\u00bbPost Title\u00a0\u00bb _builder_version=\u00a0\u00bb3.0.87&Prime; title_all_caps=\u00a0\u00bboff\u00a0\u00bb background_color=\u00a0\u00bbrgba(255,255,255,0)\u00a0\u00bb parallax=\u00a0\u00bbon\u00a0\u00bb parallax_method=\u00a0\u00bboff\u00a0\u00bb parallax_effect=\u00a0\u00bbon\u00a0\u00bb module_bg_color=\u00a0\u00bbrgba(255,255,255,0)\u00a0\u00bb use_border_color=\u00a0\u00bboff\u00a0\u00bb border_color=\u00a0\u00bb#ffffff\u00a0\u00bb border_style=\u00a0\u00bbsolid\u00a0\u00bb][\/et_pb_post_title][\/et_pb_column][\/et_pb_row][et_pb_row admin_label=\u00a0\u00bbrow\u00a0\u00bb _builder_version=\u00a0\u00bb3.25&Prime; background_size=\u00a0\u00bbinitial\u00a0\u00bb background_position=\u00a0\u00bbtop_left\u00a0\u00bb background_repeat=\u00a0\u00bbrepeat\u00a0\u00bb][et_pb_column type=\u00a0\u00bb4_4&Prime; _builder_version=\u00a0\u00bb3.25&Prime; custom_padding=\u00a0\u00bb|||\u00a0\u00bb custom_padding__hover=\u00a0\u00bb|||\u00a0\u00bb][et_pb_text admin_label=\u00a0\u00bbText\u00a0\u00bb _builder_version=\u00a0\u00bb4.0.7&Prime; background_size=\u00a0\u00bbinitial\u00a0\u00bb background_position=\u00a0\u00bbtop_left\u00a0\u00bb background_repeat=\u00a0\u00bbrepeat\u00a0\u00bb hover_enabled=\u00a0\u00bb0&Prime; use_border_color=\u00a0\u00bboff\u00a0\u00bb border_color=\u00a0\u00bb#ffffff\u00a0\u00bb border_style=\u00a0\u00bbsolid\u00a0\u00bb] M\u00e9moire Jadis, en Chine, les m\u00e9decins recevaient des honoraires de [&hellip;]\" \/>\n<meta property=\"og:url\" content=\"https:\/\/www.orthoglobalhealth.com\/fr\/memoire-therapeutique-fonctionnelle\/\" \/>\n<meta property=\"og:site_name\" content=\"Ortho Global Health\" \/>\n<meta property=\"article:modified_time\" content=\"2019-12-06T02:44:35+00:00\" \/>\n<meta name=\"twitter:card\" content=\"summary_large_image\" \/>\n<meta name=\"twitter:label1\" content=\"Dur\u00e9e de lecture estim\u00e9e\" \/>\n\t<meta name=\"twitter:data1\" content=\"4 minutes\" \/>\n<script type=\"application\/ld+json\" class=\"yoast-schema-graph\">{\"@context\":\"https:\/\/schema.org\",\"@graph\":[{\"@type\":\"WebPage\",\"@id\":\"https:\/\/www.orthoglobalhealth.com\/fr\/memoire-therapeutique-fonctionnelle\/\",\"url\":\"https:\/\/www.orthoglobalhealth.com\/fr\/memoire-therapeutique-fonctionnelle\/\",\"name\":\"M\u00e9moire & Th\u00e9rapeutique Fonctionnelle - Ortho Global Health\",\"isPartOf\":{\"@id\":\"https:\/\/www.orthoglobalhealth.com\/fr\/#website\"},\"datePublished\":\"2016-01-15T02:36:26+00:00\",\"dateModified\":\"2019-12-06T02:44:35+00:00\",\"breadcrumb\":{\"@id\":\"https:\/\/www.orthoglobalhealth.com\/fr\/memoire-therapeutique-fonctionnelle\/#breadcrumb\"},\"inLanguage\":\"fr-FR\",\"potentialAction\":[{\"@type\":\"ReadAction\",\"target\":[\"https:\/\/www.orthoglobalhealth.com\/fr\/memoire-therapeutique-fonctionnelle\/\"]}]},{\"@type\":\"BreadcrumbList\",\"@id\":\"https:\/\/www.orthoglobalhealth.com\/fr\/memoire-therapeutique-fonctionnelle\/#breadcrumb\",\"itemListElement\":[{\"@type\":\"ListItem\",\"position\":1,\"name\":\"Home\",\"item\":\"https:\/\/www.orthoglobalhealth.com\/fr\/\"},{\"@type\":\"ListItem\",\"position\":2,\"name\":\"M\u00e9moire &#038; Th\u00e9rapeutique Fonctionnelle\"}]},{\"@type\":\"WebSite\",\"@id\":\"https:\/\/www.orthoglobalhealth.com\/fr\/#website\",\"url\":\"https:\/\/www.orthoglobalhealth.com\/fr\/\",\"name\":\"Ortho Global Health\",\"description\":\"\",\"potentialAction\":[{\"@type\":\"SearchAction\",\"target\":{\"@type\":\"EntryPoint\",\"urlTemplate\":\"https:\/\/www.orthoglobalhealth.com\/fr\/?s={search_term_string}\"},\"query-input\":{\"@type\":\"PropertyValueSpecification\",\"valueRequired\":true,\"valueName\":\"search_term_string\"}}],\"inLanguage\":\"fr-FR\"}]}<\/script>\n<!-- \/ Yoast SEO plugin. -->","yoast_head_json":{"title":"M\u00e9moire & Th\u00e9rapeutique Fonctionnelle - Ortho Global Health","robots":{"index":"index","follow":"follow","max-snippet":"max-snippet:-1","max-image-preview":"max-image-preview:large","max-video-preview":"max-video-preview:-1"},"canonical":"https:\/\/www.orthoglobalhealth.com\/fr\/memoire-therapeutique-fonctionnelle\/","og_locale":"fr_FR","og_type":"article","og_title":"M\u00e9moire & Th\u00e9rapeutique Fonctionnelle - Ortho Global Health","og_description":"[et_pb_section fb_built=\u00a0\u00bb1&Prime; admin_label=\u00a0\u00bbsection\u00a0\u00bb _builder_version=\u00a0\u00bb3.22&Prime;][et_pb_row admin_label=\u00a0\u00bbRow\u00a0\u00bb _builder_version=\u00a0\u00bb3.25&Prime; background_size=\u00a0\u00bbinitial\u00a0\u00bb background_position=\u00a0\u00bbtop_left\u00a0\u00bb background_repeat=\u00a0\u00bbrepeat\u00a0\u00bb][et_pb_column type=\u00a0\u00bb4_4&Prime; _builder_version=\u00a0\u00bb3.25&Prime; custom_padding=\u00a0\u00bb|||\u00a0\u00bb custom_padding__hover=\u00a0\u00bb|||\u00a0\u00bb][et_pb_post_title meta=\u00a0\u00bboff\u00a0\u00bb featured_image=\u00a0\u00bboff\u00a0\u00bb admin_label=\u00a0\u00bbPost Title\u00a0\u00bb _builder_version=\u00a0\u00bb3.0.87&Prime; title_all_caps=\u00a0\u00bboff\u00a0\u00bb background_color=\u00a0\u00bbrgba(255,255,255,0)\u00a0\u00bb parallax=\u00a0\u00bbon\u00a0\u00bb parallax_method=\u00a0\u00bboff\u00a0\u00bb parallax_effect=\u00a0\u00bbon\u00a0\u00bb module_bg_color=\u00a0\u00bbrgba(255,255,255,0)\u00a0\u00bb use_border_color=\u00a0\u00bboff\u00a0\u00bb border_color=\u00a0\u00bb#ffffff\u00a0\u00bb border_style=\u00a0\u00bbsolid\u00a0\u00bb][\/et_pb_post_title][\/et_pb_column][\/et_pb_row][et_pb_row admin_label=\u00a0\u00bbrow\u00a0\u00bb _builder_version=\u00a0\u00bb3.25&Prime; background_size=\u00a0\u00bbinitial\u00a0\u00bb background_position=\u00a0\u00bbtop_left\u00a0\u00bb background_repeat=\u00a0\u00bbrepeat\u00a0\u00bb][et_pb_column type=\u00a0\u00bb4_4&Prime; _builder_version=\u00a0\u00bb3.25&Prime; custom_padding=\u00a0\u00bb|||\u00a0\u00bb custom_padding__hover=\u00a0\u00bb|||\u00a0\u00bb][et_pb_text admin_label=\u00a0\u00bbText\u00a0\u00bb _builder_version=\u00a0\u00bb4.0.7&Prime; background_size=\u00a0\u00bbinitial\u00a0\u00bb background_position=\u00a0\u00bbtop_left\u00a0\u00bb background_repeat=\u00a0\u00bbrepeat\u00a0\u00bb hover_enabled=\u00a0\u00bb0&Prime; use_border_color=\u00a0\u00bboff\u00a0\u00bb border_color=\u00a0\u00bb#ffffff\u00a0\u00bb border_style=\u00a0\u00bbsolid\u00a0\u00bb] M\u00e9moire Jadis, en Chine, les m\u00e9decins recevaient des honoraires de [&hellip;]","og_url":"https:\/\/www.orthoglobalhealth.com\/fr\/memoire-therapeutique-fonctionnelle\/","og_site_name":"Ortho Global Health","article_modified_time":"2019-12-06T02:44:35+00:00","twitter_card":"summary_large_image","twitter_misc":{"Dur\u00e9e de lecture estim\u00e9e":"4 minutes"},"schema":{"@context":"https:\/\/schema.org","@graph":[{"@type":"WebPage","@id":"https:\/\/www.orthoglobalhealth.com\/fr\/memoire-therapeutique-fonctionnelle\/","url":"https:\/\/www.orthoglobalhealth.com\/fr\/memoire-therapeutique-fonctionnelle\/","name":"M\u00e9moire & Th\u00e9rapeutique Fonctionnelle - Ortho Global Health","isPartOf":{"@id":"https:\/\/www.orthoglobalhealth.com\/fr\/#website"},"datePublished":"2016-01-15T02:36:26+00:00","dateModified":"2019-12-06T02:44:35+00:00","breadcrumb":{"@id":"https:\/\/www.orthoglobalhealth.com\/fr\/memoire-therapeutique-fonctionnelle\/#breadcrumb"},"inLanguage":"fr-FR","potentialAction":[{"@type":"ReadAction","target":["https:\/\/www.orthoglobalhealth.com\/fr\/memoire-therapeutique-fonctionnelle\/"]}]},{"@type":"BreadcrumbList","@id":"https:\/\/www.orthoglobalhealth.com\/fr\/memoire-therapeutique-fonctionnelle\/#breadcrumb","itemListElement":[{"@type":"ListItem","position":1,"name":"Home","item":"https:\/\/www.orthoglobalhealth.com\/fr\/"},{"@type":"ListItem","position":2,"name":"M\u00e9moire &#038; Th\u00e9rapeutique Fonctionnelle"}]},{"@type":"WebSite","@id":"https:\/\/www.orthoglobalhealth.com\/fr\/#website","url":"https:\/\/www.orthoglobalhealth.com\/fr\/","name":"Ortho Global Health","description":"","potentialAction":[{"@type":"SearchAction","target":{"@type":"EntryPoint","urlTemplate":"https:\/\/www.orthoglobalhealth.com\/fr\/?s={search_term_string}"},"query-input":{"@type":"PropertyValueSpecification","valueRequired":true,"valueName":"search_term_string"}}],"inLanguage":"fr-FR"}]}},"jetpack_sharing_enabled":true,"_links":{"self":[{"href":"https:\/\/www.orthoglobalhealth.com\/fr\/wp-json\/wp\/v2\/pages\/156"}],"collection":[{"href":"https:\/\/www.orthoglobalhealth.com\/fr\/wp-json\/wp\/v2\/pages"}],"about":[{"href":"https:\/\/www.orthoglobalhealth.com\/fr\/wp-json\/wp\/v2\/types\/page"}],"author":[{"embeddable":true,"href":"https:\/\/www.orthoglobalhealth.com\/fr\/wp-json\/wp\/v2\/users\/1"}],"replies":[{"embeddable":true,"href":"https:\/\/www.orthoglobalhealth.com\/fr\/wp-json\/wp\/v2\/comments?post=156"}],"version-history":[{"count":11,"href":"https:\/\/www.orthoglobalhealth.com\/fr\/wp-json\/wp\/v2\/pages\/156\/revisions"}],"predecessor-version":[{"id":560,"href":"https:\/\/www.orthoglobalhealth.com\/fr\/wp-json\/wp\/v2\/pages\/156\/revisions\/560"}],"wp:attachment":[{"href":"https:\/\/www.orthoglobalhealth.com\/fr\/wp-json\/wp\/v2\/media?parent=156"}],"curies":[{"name":"wp","href":"https:\/\/api.w.org\/{rel}","templated":true}]}}