{"id":275,"date":"2016-02-04T18:20:22","date_gmt":"2016-02-04T10:20:22","guid":{"rendered":"https:\/\/www.orthoglobalhealth.com\/fr\/?page_id=275"},"modified":"2020-10-05T16:57:44","modified_gmt":"2020-10-05T08:57:44","slug":"ortho-global-health-developpement-holistique-du-corps","status":"publish","type":"page","link":"https:\/\/www.orthoglobalhealth.com\/fr\/ortho-global-health-developpement-holistique-du-corps\/","title":{"rendered":"Ortho Global Health &#038; le D\u00e9veloppement Holistique du Corps"},"content":{"rendered":"<p>[et_pb_section fb_built=\u00a0\u00bb1&Prime; admin_label=\u00a0\u00bbsection\u00a0\u00bb _builder_version=\u00a0\u00bb3.22&Prime;][et_pb_row admin_label=\u00a0\u00bbRow\u00a0\u00bb _builder_version=\u00a0\u00bb3.25&Prime; background_size=\u00a0\u00bbinitial\u00a0\u00bb background_position=\u00a0\u00bbtop_left\u00a0\u00bb background_repeat=\u00a0\u00bbrepeat\u00a0\u00bb][et_pb_column type=\u00a0\u00bb4_4&Prime; _builder_version=\u00a0\u00bb3.25&Prime; custom_padding=\u00a0\u00bb|||\u00a0\u00bb custom_padding__hover=\u00a0\u00bb|||\u00a0\u00bb][et_pb_post_title meta=\u00a0\u00bboff\u00a0\u00bb featured_image=\u00a0\u00bboff\u00a0\u00bb admin_label=\u00a0\u00bbPost Title\u00a0\u00bb _builder_version=\u00a0\u00bb3.0.87&Prime; title_all_caps=\u00a0\u00bboff\u00a0\u00bb background_color=\u00a0\u00bbrgba(255,255,255,0)\u00a0\u00bb parallax=\u00a0\u00bbon\u00a0\u00bb parallax_method=\u00a0\u00bboff\u00a0\u00bb parallax_effect=\u00a0\u00bbon\u00a0\u00bb module_bg_color=\u00a0\u00bbrgba(255,255,255,0)\u00a0\u00bb use_border_color=\u00a0\u00bboff\u00a0\u00bb border_color=\u00a0\u00bb#ffffff\u00a0\u00bb border_style=\u00a0\u00bbsolid\u00a0\u00bb saved_tabs=\u00a0\u00bball\u00a0\u00bb] [\/et_pb_post_title][\/et_pb_column][\/et_pb_row][et_pb_row admin_label=\u00a0\u00bbRow\u00a0\u00bb _builder_version=\u00a0\u00bb3.25&Prime; background_size=\u00a0\u00bbinitial\u00a0\u00bb background_position=\u00a0\u00bbtop_left\u00a0\u00bb background_repeat=\u00a0\u00bbrepeat\u00a0\u00bb][et_pb_column type=\u00a0\u00bb4_4&Prime; _builder_version=\u00a0\u00bb3.25&Prime; custom_padding=\u00a0\u00bb|||\u00a0\u00bb custom_padding__hover=\u00a0\u00bb|||\u00a0\u00bb][et_pb_image src=\u00a0\u00bbhttps:\/\/www.orthoglobalhealth.com\/fr\/wp-content\/uploads\/2016\/02\/slide01fw.jpg\u00a0\u00bb align_tablet=\u00a0\u00bbcenter\u00a0\u00bb align_phone=\u00a0\u00bb\u00a0\u00bb align_last_edited=\u00a0\u00bbon|desktop\u00a0\u00bb admin_label=\u00a0\u00bbImage\u00a0\u00bb _builder_version=\u00a0\u00bb3.23&Prime; animation_style=\u00a0\u00bbslide\u00a0\u00bb animation_direction=\u00a0\u00bbleft\u00a0\u00bb animation_duration=\u00a0\u00bb500ms\u00a0\u00bb animation_intensity_slide=\u00a0\u00bb10%\u00a0\u00bb use_border_color=\u00a0\u00bboff\u00a0\u00bb border_color=\u00a0\u00bb#ffffff\u00a0\u00bb border_style=\u00a0\u00bbsolid\u00a0\u00bb animation=\u00a0\u00bbleft\u00a0\u00bb sticky=\u00a0\u00bboff\u00a0\u00bb always_center_on_mobile=\u00a0\u00bbon\u00a0\u00bb] [\/et_pb_image][et_pb_text admin_label=\u00a0\u00bbText\u00a0\u00bb _builder_version=\u00a0\u00bb4.6.5&Prime; background_size=\u00a0\u00bbinitial\u00a0\u00bb background_position=\u00a0\u00bbtop_left\u00a0\u00bb background_repeat=\u00a0\u00bbrepeat\u00a0\u00bb hover_enabled=\u00a0\u00bb0&Prime; use_border_color=\u00a0\u00bboff\u00a0\u00bb border_color=\u00a0\u00bb#ffffff\u00a0\u00bb border_style=\u00a0\u00bbsolid\u00a0\u00bb sticky_enabled=\u00a0\u00bb0&Prime;]<\/p>\n<ul>\n<li><strong>Ortho :<\/strong> pr\u00e9fixe grec signifiant \u00ab\u00a0droit\u00a0\u00bb, \u00ab\u00a0vertical\u00a0\u00bb, \u201cjuste\u00a0\u00bb ou \u00ab\u00a0correct\u00a0\u00bb. En m\u00e9decine, cela peut faire r\u00e9f\u00e9rence \u00e0 l&rsquo;orthop\u00e9die, l&rsquo;orthodontie, et \u00e0 l&rsquo;orthop\u00e9die dento-faciale dans notre domaine. <\/li>\n<li><strong>Global :<\/strong> implique l&rsquo;ensemble des organes du corps, en m\u00e9decine cela prend en compte la relation entre chaque partie du corps.<\/li>\n<li><strong>Sant\u00e9 :<\/strong> repr\u00e9sente le niveau d\u2019efficacit\u00e9 fonctionnelle de l\u2019organisme vivant (corps), l\u2019OMS (Organisation Mondiale de la Sant\u00e9) le d\u00e9finit comme \u00ab\u00a0un \u00e9tat complet de bien-\u00eatre physique, mental et social, et non seulement l\u2019absence de maladie ou d\u2019infirmit\u00e9\u00a0\u00bb.<\/li>\n<li><strong>Holistique :<\/strong> la compr\u00e9hension des parties du corps comme intimement li\u00e9es entre elles et explicables uniquement par r\u00e9f\u00e9rence \u00e0 l&rsquo;ensemble, en tenant compte des facteurs mentaux et sociaux, plut\u00f4t que simplement des sympt\u00f4mes d&rsquo;une maladie.<\/li>\n<li><strong>D\u00e9veloppement :<\/strong> du fran\u00e7ais \u00ab\u00a0d\u00e9velopper\u00a0\u00bb, signifie maintenant le processus dans lequel une personne ou une chose grandit ou change et devient plus avanc\u00e9e, plus \u00e9labor\u00e9e et plus mature.<\/li>\n<li><strong>Corps :<\/strong> le corps humain, comprend la structure enti\u00e8re d&rsquo;un organisme humain.<\/li>\n<\/ul>\n<p>[\/et_pb_text][\/et_pb_column][\/et_pb_row][\/et_pb_section]<\/p>\n","protected":false},"excerpt":{"rendered":"<p>[et_pb_section fb_built=\u00a0\u00bb1&Prime; admin_label=\u00a0\u00bbsection\u00a0\u00bb _builder_version=\u00a0\u00bb3.22&Prime;][et_pb_row admin_label=\u00a0\u00bbRow\u00a0\u00bb _builder_version=\u00a0\u00bb3.25&Prime; background_size=\u00a0\u00bbinitial\u00a0\u00bb background_position=\u00a0\u00bbtop_left\u00a0\u00bb background_repeat=\u00a0\u00bbrepeat\u00a0\u00bb][et_pb_column type=\u00a0\u00bb4_4&Prime; _builder_version=\u00a0\u00bb3.25&Prime; custom_padding=\u00a0\u00bb|||\u00a0\u00bb custom_padding__hover=\u00a0\u00bb|||\u00a0\u00bb][et_pb_post_title meta=\u00a0\u00bboff\u00a0\u00bb featured_image=\u00a0\u00bboff\u00a0\u00bb admin_label=\u00a0\u00bbPost Title\u00a0\u00bb _builder_version=\u00a0\u00bb3.0.87&Prime; title_all_caps=\u00a0\u00bboff\u00a0\u00bb background_color=\u00a0\u00bbrgba(255,255,255,0)\u00a0\u00bb parallax=\u00a0\u00bbon\u00a0\u00bb parallax_method=\u00a0\u00bboff\u00a0\u00bb parallax_effect=\u00a0\u00bbon\u00a0\u00bb module_bg_color=\u00a0\u00bbrgba(255,255,255,0)\u00a0\u00bb use_border_color=\u00a0\u00bboff\u00a0\u00bb border_color=\u00a0\u00bb#ffffff\u00a0\u00bb border_style=\u00a0\u00bbsolid\u00a0\u00bb saved_tabs=\u00a0\u00bball\u00a0\u00bb] [\/et_pb_post_title][\/et_pb_column][\/et_pb_row][et_pb_row admin_label=\u00a0\u00bbRow\u00a0\u00bb _builder_version=\u00a0\u00bb3.25&Prime; background_size=\u00a0\u00bbinitial\u00a0\u00bb background_position=\u00a0\u00bbtop_left\u00a0\u00bb background_repeat=\u00a0\u00bbrepeat\u00a0\u00bb][et_pb_column type=\u00a0\u00bb4_4&Prime; _builder_version=\u00a0\u00bb3.25&Prime; custom_padding=\u00a0\u00bb|||\u00a0\u00bb custom_padding__hover=\u00a0\u00bb|||\u00a0\u00bb][et_pb_image src=\u00a0\u00bbhttps:\/\/www.orthoglobalhealth.com\/fr\/wp-content\/uploads\/2016\/02\/slide01fw.jpg\u00a0\u00bb align_tablet=\u00a0\u00bbcenter\u00a0\u00bb align_phone=\u00a0\u00bb\u00a0\u00bb align_last_edited=\u00a0\u00bbon|desktop\u00a0\u00bb admin_label=\u00a0\u00bbImage\u00a0\u00bb _builder_version=\u00a0\u00bb3.23&Prime; animation_style=\u00a0\u00bbslide\u00a0\u00bb animation_direction=\u00a0\u00bbleft\u00a0\u00bb animation_duration=\u00a0\u00bb500ms\u00a0\u00bb animation_intensity_slide=\u00a0\u00bb10%\u00a0\u00bb use_border_color=\u00a0\u00bboff\u00a0\u00bb border_color=\u00a0\u00bb#ffffff\u00a0\u00bb border_style=\u00a0\u00bbsolid\u00a0\u00bb animation=\u00a0\u00bbleft\u00a0\u00bb sticky=\u00a0\u00bboff\u00a0\u00bb always_center_on_mobile=\u00a0\u00bbon\u00a0\u00bb] [\/et_pb_image][et_pb_text [&hellip;]<\/p>\n","protected":false},"author":1,"featured_media":0,"parent":0,"menu_order":0,"comment_status":"closed","ping_status":"closed","template":"","meta":{"_et_pb_use_builder":"on","_et_pb_old_content":"","_et_gb_content_width":"","footnotes":""},"class_list":["post-275","page","type-page","status-publish","hentry"],"yoast_head":"<!-- This site is optimized with the Yoast SEO plugin v23.6 - https:\/\/yoast.com\/wordpress\/plugins\/seo\/ -->\n<title>Ortho Global Health &amp; le D\u00e9veloppement Holistique du Corps - Ortho Global Health<\/title>\n<meta name=\"robots\" content=\"index, follow, max-snippet:-1, max-image-preview:large, max-video-preview:-1\" \/>\n<link rel=\"canonical\" href=\"https:\/\/www.orthoglobalhealth.com\/fr\/ortho-global-health-developpement-holistique-du-corps\/\" \/>\n<meta property=\"og:locale\" content=\"fr_FR\" \/>\n<meta property=\"og:type\" content=\"article\" \/>\n<meta property=\"og:title\" content=\"Ortho Global Health &amp; le D\u00e9veloppement Holistique du Corps - Ortho Global Health\" \/>\n<meta property=\"og:description\" content=\"[et_pb_section fb_built=\u00a0\u00bb1&Prime; admin_label=\u00a0\u00bbsection\u00a0\u00bb _builder_version=\u00a0\u00bb3.22&Prime;][et_pb_row admin_label=\u00a0\u00bbRow\u00a0\u00bb _builder_version=\u00a0\u00bb3.25&Prime; background_size=\u00a0\u00bbinitial\u00a0\u00bb background_position=\u00a0\u00bbtop_left\u00a0\u00bb background_repeat=\u00a0\u00bbrepeat\u00a0\u00bb][et_pb_column type=\u00a0\u00bb4_4&Prime; _builder_version=\u00a0\u00bb3.25&Prime; custom_padding=\u00a0\u00bb|||\u00a0\u00bb custom_padding__hover=\u00a0\u00bb|||\u00a0\u00bb][et_pb_post_title meta=\u00a0\u00bboff\u00a0\u00bb featured_image=\u00a0\u00bboff\u00a0\u00bb admin_label=\u00a0\u00bbPost Title\u00a0\u00bb _builder_version=\u00a0\u00bb3.0.87&Prime; title_all_caps=\u00a0\u00bboff\u00a0\u00bb background_color=\u00a0\u00bbrgba(255,255,255,0)\u00a0\u00bb parallax=\u00a0\u00bbon\u00a0\u00bb parallax_method=\u00a0\u00bboff\u00a0\u00bb parallax_effect=\u00a0\u00bbon\u00a0\u00bb module_bg_color=\u00a0\u00bbrgba(255,255,255,0)\u00a0\u00bb use_border_color=\u00a0\u00bboff\u00a0\u00bb border_color=\u00a0\u00bb#ffffff\u00a0\u00bb border_style=\u00a0\u00bbsolid\u00a0\u00bb saved_tabs=\u00a0\u00bball\u00a0\u00bb] [\/et_pb_post_title][\/et_pb_column][\/et_pb_row][et_pb_row admin_label=\u00a0\u00bbRow\u00a0\u00bb _builder_version=\u00a0\u00bb3.25&Prime; background_size=\u00a0\u00bbinitial\u00a0\u00bb background_position=\u00a0\u00bbtop_left\u00a0\u00bb background_repeat=\u00a0\u00bbrepeat\u00a0\u00bb][et_pb_column type=\u00a0\u00bb4_4&Prime; _builder_version=\u00a0\u00bb3.25&Prime; custom_padding=\u00a0\u00bb|||\u00a0\u00bb custom_padding__hover=\u00a0\u00bb|||\u00a0\u00bb][et_pb_image src=\u00a0\u00bbhttps:\/\/www.orthoglobalhealth.com\/fr\/wp-content\/uploads\/2016\/02\/slide01fw.jpg\u00a0\u00bb align_tablet=\u00a0\u00bbcenter\u00a0\u00bb align_phone=\u00a0\u00bb\u00a0\u00bb align_last_edited=\u00a0\u00bbon|desktop\u00a0\u00bb admin_label=\u00a0\u00bbImage\u00a0\u00bb _builder_version=\u00a0\u00bb3.23&Prime; animation_style=\u00a0\u00bbslide\u00a0\u00bb animation_direction=\u00a0\u00bbleft\u00a0\u00bb animation_duration=\u00a0\u00bb500ms\u00a0\u00bb animation_intensity_slide=\u00a0\u00bb10%\u00a0\u00bb use_border_color=\u00a0\u00bboff\u00a0\u00bb border_color=\u00a0\u00bb#ffffff\u00a0\u00bb border_style=\u00a0\u00bbsolid\u00a0\u00bb animation=\u00a0\u00bbleft\u00a0\u00bb sticky=\u00a0\u00bboff\u00a0\u00bb always_center_on_mobile=\u00a0\u00bbon\u00a0\u00bb] [\/et_pb_image][et_pb_text [&hellip;]\" \/>\n<meta property=\"og:url\" content=\"https:\/\/www.orthoglobalhealth.com\/fr\/ortho-global-health-developpement-holistique-du-corps\/\" \/>\n<meta property=\"og:site_name\" content=\"Ortho Global Health\" \/>\n<meta property=\"article:modified_time\" content=\"2020-10-05T08:57:44+00:00\" \/>\n<meta name=\"twitter:card\" content=\"summary_large_image\" \/>\n<meta name=\"twitter:label1\" content=\"Dur\u00e9e de lecture estim\u00e9e\" \/>\n\t<meta name=\"twitter:data1\" content=\"2 minutes\" \/>\n<script type=\"application\/ld+json\" class=\"yoast-schema-graph\">{\"@context\":\"https:\/\/schema.org\",\"@graph\":[{\"@type\":\"WebPage\",\"@id\":\"https:\/\/www.orthoglobalhealth.com\/fr\/ortho-global-health-developpement-holistique-du-corps\/\",\"url\":\"https:\/\/www.orthoglobalhealth.com\/fr\/ortho-global-health-developpement-holistique-du-corps\/\",\"name\":\"Ortho Global Health & le D\u00e9veloppement Holistique du Corps - Ortho Global Health\",\"isPartOf\":{\"@id\":\"https:\/\/www.orthoglobalhealth.com\/fr\/#website\"},\"datePublished\":\"2016-02-04T10:20:22+00:00\",\"dateModified\":\"2020-10-05T08:57:44+00:00\",\"breadcrumb\":{\"@id\":\"https:\/\/www.orthoglobalhealth.com\/fr\/ortho-global-health-developpement-holistique-du-corps\/#breadcrumb\"},\"inLanguage\":\"fr-FR\",\"potentialAction\":[{\"@type\":\"ReadAction\",\"target\":[\"https:\/\/www.orthoglobalhealth.com\/fr\/ortho-global-health-developpement-holistique-du-corps\/\"]}]},{\"@type\":\"BreadcrumbList\",\"@id\":\"https:\/\/www.orthoglobalhealth.com\/fr\/ortho-global-health-developpement-holistique-du-corps\/#breadcrumb\",\"itemListElement\":[{\"@type\":\"ListItem\",\"position\":1,\"name\":\"Home\",\"item\":\"https:\/\/www.orthoglobalhealth.com\/fr\/\"},{\"@type\":\"ListItem\",\"position\":2,\"name\":\"Ortho Global Health &#038; le D\u00e9veloppement Holistique du Corps\"}]},{\"@type\":\"WebSite\",\"@id\":\"https:\/\/www.orthoglobalhealth.com\/fr\/#website\",\"url\":\"https:\/\/www.orthoglobalhealth.com\/fr\/\",\"name\":\"Ortho Global Health\",\"description\":\"\",\"potentialAction\":[{\"@type\":\"SearchAction\",\"target\":{\"@type\":\"EntryPoint\",\"urlTemplate\":\"https:\/\/www.orthoglobalhealth.com\/fr\/?s={search_term_string}\"},\"query-input\":{\"@type\":\"PropertyValueSpecification\",\"valueRequired\":true,\"valueName\":\"search_term_string\"}}],\"inLanguage\":\"fr-FR\"}]}<\/script>\n<!-- \/ Yoast SEO plugin. -->","yoast_head_json":{"title":"Ortho Global Health & le D\u00e9veloppement Holistique du Corps - Ortho Global Health","robots":{"index":"index","follow":"follow","max-snippet":"max-snippet:-1","max-image-preview":"max-image-preview:large","max-video-preview":"max-video-preview:-1"},"canonical":"https:\/\/www.orthoglobalhealth.com\/fr\/ortho-global-health-developpement-holistique-du-corps\/","og_locale":"fr_FR","og_type":"article","og_title":"Ortho Global Health & le D\u00e9veloppement Holistique du Corps - Ortho Global Health","og_description":"[et_pb_section fb_built=\u00a0\u00bb1&Prime; admin_label=\u00a0\u00bbsection\u00a0\u00bb _builder_version=\u00a0\u00bb3.22&Prime;][et_pb_row admin_label=\u00a0\u00bbRow\u00a0\u00bb _builder_version=\u00a0\u00bb3.25&Prime; background_size=\u00a0\u00bbinitial\u00a0\u00bb background_position=\u00a0\u00bbtop_left\u00a0\u00bb background_repeat=\u00a0\u00bbrepeat\u00a0\u00bb][et_pb_column type=\u00a0\u00bb4_4&Prime; _builder_version=\u00a0\u00bb3.25&Prime; custom_padding=\u00a0\u00bb|||\u00a0\u00bb custom_padding__hover=\u00a0\u00bb|||\u00a0\u00bb][et_pb_post_title meta=\u00a0\u00bboff\u00a0\u00bb featured_image=\u00a0\u00bboff\u00a0\u00bb admin_label=\u00a0\u00bbPost Title\u00a0\u00bb _builder_version=\u00a0\u00bb3.0.87&Prime; title_all_caps=\u00a0\u00bboff\u00a0\u00bb background_color=\u00a0\u00bbrgba(255,255,255,0)\u00a0\u00bb parallax=\u00a0\u00bbon\u00a0\u00bb parallax_method=\u00a0\u00bboff\u00a0\u00bb parallax_effect=\u00a0\u00bbon\u00a0\u00bb module_bg_color=\u00a0\u00bbrgba(255,255,255,0)\u00a0\u00bb use_border_color=\u00a0\u00bboff\u00a0\u00bb border_color=\u00a0\u00bb#ffffff\u00a0\u00bb border_style=\u00a0\u00bbsolid\u00a0\u00bb saved_tabs=\u00a0\u00bball\u00a0\u00bb] [\/et_pb_post_title][\/et_pb_column][\/et_pb_row][et_pb_row admin_label=\u00a0\u00bbRow\u00a0\u00bb _builder_version=\u00a0\u00bb3.25&Prime; background_size=\u00a0\u00bbinitial\u00a0\u00bb background_position=\u00a0\u00bbtop_left\u00a0\u00bb background_repeat=\u00a0\u00bbrepeat\u00a0\u00bb][et_pb_column type=\u00a0\u00bb4_4&Prime; _builder_version=\u00a0\u00bb3.25&Prime; custom_padding=\u00a0\u00bb|||\u00a0\u00bb custom_padding__hover=\u00a0\u00bb|||\u00a0\u00bb][et_pb_image src=\u00a0\u00bbhttps:\/\/www.orthoglobalhealth.com\/fr\/wp-content\/uploads\/2016\/02\/slide01fw.jpg\u00a0\u00bb align_tablet=\u00a0\u00bbcenter\u00a0\u00bb align_phone=\u00a0\u00bb\u00a0\u00bb align_last_edited=\u00a0\u00bbon|desktop\u00a0\u00bb admin_label=\u00a0\u00bbImage\u00a0\u00bb _builder_version=\u00a0\u00bb3.23&Prime; animation_style=\u00a0\u00bbslide\u00a0\u00bb animation_direction=\u00a0\u00bbleft\u00a0\u00bb animation_duration=\u00a0\u00bb500ms\u00a0\u00bb animation_intensity_slide=\u00a0\u00bb10%\u00a0\u00bb use_border_color=\u00a0\u00bboff\u00a0\u00bb border_color=\u00a0\u00bb#ffffff\u00a0\u00bb border_style=\u00a0\u00bbsolid\u00a0\u00bb animation=\u00a0\u00bbleft\u00a0\u00bb sticky=\u00a0\u00bboff\u00a0\u00bb always_center_on_mobile=\u00a0\u00bbon\u00a0\u00bb] [\/et_pb_image][et_pb_text [&hellip;]","og_url":"https:\/\/www.orthoglobalhealth.com\/fr\/ortho-global-health-developpement-holistique-du-corps\/","og_site_name":"Ortho Global Health","article_modified_time":"2020-10-05T08:57:44+00:00","twitter_card":"summary_large_image","twitter_misc":{"Dur\u00e9e de lecture estim\u00e9e":"2 minutes"},"schema":{"@context":"https:\/\/schema.org","@graph":[{"@type":"WebPage","@id":"https:\/\/www.orthoglobalhealth.com\/fr\/ortho-global-health-developpement-holistique-du-corps\/","url":"https:\/\/www.orthoglobalhealth.com\/fr\/ortho-global-health-developpement-holistique-du-corps\/","name":"Ortho Global Health & le D\u00e9veloppement Holistique du Corps - Ortho Global Health","isPartOf":{"@id":"https:\/\/www.orthoglobalhealth.com\/fr\/#website"},"datePublished":"2016-02-04T10:20:22+00:00","dateModified":"2020-10-05T08:57:44+00:00","breadcrumb":{"@id":"https:\/\/www.orthoglobalhealth.com\/fr\/ortho-global-health-developpement-holistique-du-corps\/#breadcrumb"},"inLanguage":"fr-FR","potentialAction":[{"@type":"ReadAction","target":["https:\/\/www.orthoglobalhealth.com\/fr\/ortho-global-health-developpement-holistique-du-corps\/"]}]},{"@type":"BreadcrumbList","@id":"https:\/\/www.orthoglobalhealth.com\/fr\/ortho-global-health-developpement-holistique-du-corps\/#breadcrumb","itemListElement":[{"@type":"ListItem","position":1,"name":"Home","item":"https:\/\/www.orthoglobalhealth.com\/fr\/"},{"@type":"ListItem","position":2,"name":"Ortho Global Health &#038; le D\u00e9veloppement Holistique du Corps"}]},{"@type":"WebSite","@id":"https:\/\/www.orthoglobalhealth.com\/fr\/#website","url":"https:\/\/www.orthoglobalhealth.com\/fr\/","name":"Ortho Global Health","description":"","potentialAction":[{"@type":"SearchAction","target":{"@type":"EntryPoint","urlTemplate":"https:\/\/www.orthoglobalhealth.com\/fr\/?s={search_term_string}"},"query-input":{"@type":"PropertyValueSpecification","valueRequired":true,"valueName":"search_term_string"}}],"inLanguage":"fr-FR"}]}},"jetpack_sharing_enabled":true,"_links":{"self":[{"href":"https:\/\/www.orthoglobalhealth.com\/fr\/wp-json\/wp\/v2\/pages\/275"}],"collection":[{"href":"https:\/\/www.orthoglobalhealth.com\/fr\/wp-json\/wp\/v2\/pages"}],"about":[{"href":"https:\/\/www.orthoglobalhealth.com\/fr\/wp-json\/wp\/v2\/types\/page"}],"author":[{"embeddable":true,"href":"https:\/\/www.orthoglobalhealth.com\/fr\/wp-json\/wp\/v2\/users\/1"}],"replies":[{"embeddable":true,"href":"https:\/\/www.orthoglobalhealth.com\/fr\/wp-json\/wp\/v2\/comments?post=275"}],"version-history":[{"count":9,"href":"https:\/\/www.orthoglobalhealth.com\/fr\/wp-json\/wp\/v2\/pages\/275\/revisions"}],"predecessor-version":[{"id":683,"href":"https:\/\/www.orthoglobalhealth.com\/fr\/wp-json\/wp\/v2\/pages\/275\/revisions\/683"}],"wp:attachment":[{"href":"https:\/\/www.orthoglobalhealth.com\/fr\/wp-json\/wp\/v2\/media?parent=275"}],"curies":[{"name":"wp","href":"https:\/\/api.w.org\/{rel}","templated":true}]}}