{"id":44,"date":"2015-09-16T12:42:15","date_gmt":"2015-09-16T04:42:15","guid":{"rendered":"https:\/\/www.orthoglobalhealth.com\/fr\/?page_id=44"},"modified":"2019-12-06T10:32:53","modified_gmt":"2019-12-06T02:32:53","slug":"concept","status":"publish","type":"page","link":"https:\/\/www.orthoglobalhealth.com\/fr\/concept\/","title":{"rendered":"Concept"},"content":{"rendered":"<p>[et_pb_section fb_built=\u00a0\u00bb1&Prime; admin_label=\u00a0\u00bbsection\u00a0\u00bb _builder_version=\u00a0\u00bb3.22&Prime;][et_pb_row admin_label=\u00a0\u00bbRow\u00a0\u00bb _builder_version=\u00a0\u00bb3.25&Prime; background_size=\u00a0\u00bbinitial\u00a0\u00bb background_position=\u00a0\u00bbtop_left\u00a0\u00bb background_repeat=\u00a0\u00bbrepeat\u00a0\u00bb][et_pb_column type=\u00a0\u00bb4_4&Prime; _builder_version=\u00a0\u00bb3.25&Prime; custom_padding=\u00a0\u00bb|||\u00a0\u00bb custom_padding__hover=\u00a0\u00bb|||\u00a0\u00bb][et_pb_post_title meta=\u00a0\u00bboff\u00a0\u00bb featured_image=\u00a0\u00bboff\u00a0\u00bb admin_label=\u00a0\u00bbPost Title\u00a0\u00bb _builder_version=\u00a0\u00bb3.0.87&Prime; title_all_caps=\u00a0\u00bboff\u00a0\u00bb background_color=\u00a0\u00bbrgba(255,255,255,0)\u00a0\u00bb parallax=\u00a0\u00bbon\u00a0\u00bb parallax_method=\u00a0\u00bboff\u00a0\u00bb parallax_effect=\u00a0\u00bbon\u00a0\u00bb module_bg_color=\u00a0\u00bbrgba(255,255,255,0)\u00a0\u00bb use_border_color=\u00a0\u00bboff\u00a0\u00bb border_color=\u00a0\u00bb#ffffff\u00a0\u00bb border_style=\u00a0\u00bbsolid\u00a0\u00bb saved_tabs=\u00a0\u00bball\u00a0\u00bb][\/et_pb_post_title][\/et_pb_column][\/et_pb_row][et_pb_row admin_label=\u00a0\u00bbrow\u00a0\u00bb _builder_version=\u00a0\u00bb3.25&Prime; background_size=\u00a0\u00bbinitial\u00a0\u00bb background_position=\u00a0\u00bbtop_left\u00a0\u00bb background_repeat=\u00a0\u00bbrepeat\u00a0\u00bb][et_pb_column type=\u00a0\u00bb4_4&Prime; _builder_version=\u00a0\u00bb3.25&Prime; custom_padding=\u00a0\u00bb|||\u00a0\u00bb custom_padding__hover=\u00a0\u00bb|||\u00a0\u00bb][et_pb_text admin_label=\u00a0\u00bbText\u00a0\u00bb _builder_version=\u00a0\u00bb4.0.7&Prime; background_size=\u00a0\u00bbinitial\u00a0\u00bb background_position=\u00a0\u00bbtop_left\u00a0\u00bb background_repeat=\u00a0\u00bbrepeat\u00a0\u00bb hover_enabled=\u00a0\u00bb0&Prime; use_border_color=\u00a0\u00bboff\u00a0\u00bb border_color=\u00a0\u00bb#ffffff\u00a0\u00bb border_style=\u00a0\u00bbsolid\u00a0\u00bb]<\/p>\n<p>L&rsquo;orthodontie fonctionnelle permet, \u00e0 l&rsquo;aide d&rsquo;un ensemble de forces appliqu\u00e9es sur des structures en cours de d\u00e9veloppement, de normaliser leurs relations r\u00e9ciproques et d&rsquo;harmoniser le cours de la croissance.<\/p>\n<p>Le but de notre traitement orthodontique est d&rsquo;am\u00e9liorer l&rsquo;esth\u00e9tique dento-faciale et la fonction occlusale afin de promouvoir le bien-\u00eatre physique et psychologique de nos patients.<\/p>\n<p>\u00c0 partir d\u2019une approche globale du corps humain, les dents et la cavit\u00e9 buccale sont directement et naturellement reli\u00e9es au reste du corps, d\u2019o\u00f9 le concept de \u201cGlobal\u201d et de \u201cHolistique\u201d.<\/p>\n<p>Les diff\u00e9rentes fonctions de la mastication, la d\u00e9glutition, la phonation et la respiration associent diff\u00e9rents muscles et un grand nombre de ces muscles sont li\u00e9s \u00e0 la croissance. Nous sommes par cons\u00e9quent tenus, et il est de notre devoir de le faire, de corriger ces fonctions afin que la croissance puisse avoir lieu dans les meilleures conditions pour la sant\u00e9 et le bien-\u00eatre.<\/p>\n<p>Nous utilisons principalement des appareils amovibles en suivant la m\u00e9thode la plus naturelle pour corriger les d\u00e9fauts orthodontiques et maxillo-faciaux, sans retirer les quatre pr\u00e9molaires ni aucune dent, donc moins d&rsquo;appareil dentaire voire aucun. C\u2019est ce qui m&rsquo;a amen\u00e9 \u00e0 cr\u00e9er les mots Orthoslowmove, Orthogreenmove, Orthopedonticmove et Orthomyopedontic.<\/p>\n<p>Une fa\u00e7on simple, verte et naturelle d&rsquo;obtenir un beau sourire et un visage en sant\u00e9.<\/p>\n<p>[\/et_pb_text][\/et_pb_column][\/et_pb_row][\/et_pb_section]<\/p>\n","protected":false},"excerpt":{"rendered":"<p>[et_pb_section fb_built=\u00a0\u00bb1&Prime; admin_label=\u00a0\u00bbsection\u00a0\u00bb _builder_version=\u00a0\u00bb3.22&Prime;][et_pb_row admin_label=\u00a0\u00bbRow\u00a0\u00bb _builder_version=\u00a0\u00bb3.25&Prime; background_size=\u00a0\u00bbinitial\u00a0\u00bb background_position=\u00a0\u00bbtop_left\u00a0\u00bb background_repeat=\u00a0\u00bbrepeat\u00a0\u00bb][et_pb_column type=\u00a0\u00bb4_4&Prime; _builder_version=\u00a0\u00bb3.25&Prime; custom_padding=\u00a0\u00bb|||\u00a0\u00bb custom_padding__hover=\u00a0\u00bb|||\u00a0\u00bb][et_pb_post_title meta=\u00a0\u00bboff\u00a0\u00bb featured_image=\u00a0\u00bboff\u00a0\u00bb admin_label=\u00a0\u00bbPost Title\u00a0\u00bb _builder_version=\u00a0\u00bb3.0.87&Prime; title_all_caps=\u00a0\u00bboff\u00a0\u00bb background_color=\u00a0\u00bbrgba(255,255,255,0)\u00a0\u00bb parallax=\u00a0\u00bbon\u00a0\u00bb parallax_method=\u00a0\u00bboff\u00a0\u00bb parallax_effect=\u00a0\u00bbon\u00a0\u00bb module_bg_color=\u00a0\u00bbrgba(255,255,255,0)\u00a0\u00bb use_border_color=\u00a0\u00bboff\u00a0\u00bb border_color=\u00a0\u00bb#ffffff\u00a0\u00bb border_style=\u00a0\u00bbsolid\u00a0\u00bb saved_tabs=\u00a0\u00bball\u00a0\u00bb][\/et_pb_post_title][\/et_pb_column][\/et_pb_row][et_pb_row admin_label=\u00a0\u00bbrow\u00a0\u00bb _builder_version=\u00a0\u00bb3.25&Prime; background_size=\u00a0\u00bbinitial\u00a0\u00bb background_position=\u00a0\u00bbtop_left\u00a0\u00bb background_repeat=\u00a0\u00bbrepeat\u00a0\u00bb][et_pb_column type=\u00a0\u00bb4_4&Prime; _builder_version=\u00a0\u00bb3.25&Prime; custom_padding=\u00a0\u00bb|||\u00a0\u00bb custom_padding__hover=\u00a0\u00bb|||\u00a0\u00bb][et_pb_text admin_label=\u00a0\u00bbText\u00a0\u00bb _builder_version=\u00a0\u00bb4.0.7&Prime; background_size=\u00a0\u00bbinitial\u00a0\u00bb background_position=\u00a0\u00bbtop_left\u00a0\u00bb background_repeat=\u00a0\u00bbrepeat\u00a0\u00bb hover_enabled=\u00a0\u00bb0&Prime; use_border_color=\u00a0\u00bboff\u00a0\u00bb border_color=\u00a0\u00bb#ffffff\u00a0\u00bb border_style=\u00a0\u00bbsolid\u00a0\u00bb] L&rsquo;orthodontie fonctionnelle permet, \u00e0 l&rsquo;aide d&rsquo;un ensemble de forces [&hellip;]<\/p>\n","protected":false},"author":1,"featured_media":0,"parent":0,"menu_order":0,"comment_status":"closed","ping_status":"closed","template":"","meta":{"_et_pb_use_builder":"on","_et_pb_old_content":"<p>Functional orthodontics using a set of applied forces on structures under development allows normalizing their reciprocal relations and harmonizing the course of growth.<\/p><p>The purpose of an orthodontic treatment is to improve the dentofacial aesthetic and the occlusal function in order to promote the physical and psychological well-being of our patients.<\/p><p>From a global approach of the human body, teeth and the oral cavity are directly connected to the rest of the body, therefore the concept of \u201cGlobal\u201d and \u201cHolistic\u201d.<\/p><p>The functions: mastication, swallowing, phonation and breathing involve different muscles and a big number of these muscles are related to growth. Therefore, we are required and it is our duty to correct these functions so growth can take place under the best conditions for a good health and well-being.<\/p><p>We mostly use removable appliances following the most natural way to correct the orthodontics and the dento maxillofacial defects, and without removing the four premolars or any tooth so, less or no braces at all. And that\u2019s why I\u2019ve created the words Orthoslowmove, Orthogreenmove, Orthopedonticmove and Orthomyopedontic.<\/p><p>Easy way, Green way, and Natural way, it sure succeeds your smile and healthy face.<\/p>","_et_gb_content_width":"","footnotes":""},"class_list":["post-44","page","type-page","status-publish","hentry"],"yoast_head":"<!-- This site is optimized with the Yoast SEO plugin v23.6 - https:\/\/yoast.com\/wordpress\/plugins\/seo\/ -->\n<title>Concept - Ortho Global Health<\/title>\n<meta name=\"robots\" content=\"index, follow, max-snippet:-1, max-image-preview:large, max-video-preview:-1\" \/>\n<link rel=\"canonical\" href=\"https:\/\/www.orthoglobalhealth.com\/fr\/concept\/\" \/>\n<meta property=\"og:locale\" content=\"fr_FR\" \/>\n<meta property=\"og:type\" content=\"article\" \/>\n<meta property=\"og:title\" content=\"Concept - Ortho Global Health\" \/>\n<meta property=\"og:description\" content=\"[et_pb_section fb_built=\u00a0\u00bb1&Prime; admin_label=\u00a0\u00bbsection\u00a0\u00bb _builder_version=\u00a0\u00bb3.22&Prime;][et_pb_row admin_label=\u00a0\u00bbRow\u00a0\u00bb _builder_version=\u00a0\u00bb3.25&Prime; background_size=\u00a0\u00bbinitial\u00a0\u00bb background_position=\u00a0\u00bbtop_left\u00a0\u00bb background_repeat=\u00a0\u00bbrepeat\u00a0\u00bb][et_pb_column type=\u00a0\u00bb4_4&Prime; _builder_version=\u00a0\u00bb3.25&Prime; custom_padding=\u00a0\u00bb|||\u00a0\u00bb custom_padding__hover=\u00a0\u00bb|||\u00a0\u00bb][et_pb_post_title meta=\u00a0\u00bboff\u00a0\u00bb featured_image=\u00a0\u00bboff\u00a0\u00bb admin_label=\u00a0\u00bbPost Title\u00a0\u00bb _builder_version=\u00a0\u00bb3.0.87&Prime; title_all_caps=\u00a0\u00bboff\u00a0\u00bb background_color=\u00a0\u00bbrgba(255,255,255,0)\u00a0\u00bb parallax=\u00a0\u00bbon\u00a0\u00bb parallax_method=\u00a0\u00bboff\u00a0\u00bb parallax_effect=\u00a0\u00bbon\u00a0\u00bb module_bg_color=\u00a0\u00bbrgba(255,255,255,0)\u00a0\u00bb use_border_color=\u00a0\u00bboff\u00a0\u00bb border_color=\u00a0\u00bb#ffffff\u00a0\u00bb border_style=\u00a0\u00bbsolid\u00a0\u00bb saved_tabs=\u00a0\u00bball\u00a0\u00bb][\/et_pb_post_title][\/et_pb_column][\/et_pb_row][et_pb_row admin_label=\u00a0\u00bbrow\u00a0\u00bb _builder_version=\u00a0\u00bb3.25&Prime; background_size=\u00a0\u00bbinitial\u00a0\u00bb background_position=\u00a0\u00bbtop_left\u00a0\u00bb background_repeat=\u00a0\u00bbrepeat\u00a0\u00bb][et_pb_column type=\u00a0\u00bb4_4&Prime; _builder_version=\u00a0\u00bb3.25&Prime; custom_padding=\u00a0\u00bb|||\u00a0\u00bb custom_padding__hover=\u00a0\u00bb|||\u00a0\u00bb][et_pb_text admin_label=\u00a0\u00bbText\u00a0\u00bb _builder_version=\u00a0\u00bb4.0.7&Prime; background_size=\u00a0\u00bbinitial\u00a0\u00bb background_position=\u00a0\u00bbtop_left\u00a0\u00bb background_repeat=\u00a0\u00bbrepeat\u00a0\u00bb hover_enabled=\u00a0\u00bb0&Prime; use_border_color=\u00a0\u00bboff\u00a0\u00bb border_color=\u00a0\u00bb#ffffff\u00a0\u00bb border_style=\u00a0\u00bbsolid\u00a0\u00bb] L&rsquo;orthodontie fonctionnelle permet, \u00e0 l&rsquo;aide d&rsquo;un ensemble de forces [&hellip;]\" \/>\n<meta property=\"og:url\" content=\"https:\/\/www.orthoglobalhealth.com\/fr\/concept\/\" \/>\n<meta property=\"og:site_name\" content=\"Ortho Global Health\" \/>\n<meta property=\"article:modified_time\" content=\"2019-12-06T02:32:53+00:00\" \/>\n<meta name=\"twitter:card\" content=\"summary_large_image\" \/>\n<meta name=\"twitter:label1\" content=\"Dur\u00e9e de lecture estim\u00e9e\" \/>\n\t<meta name=\"twitter:data1\" content=\"2 minutes\" \/>\n<script type=\"application\/ld+json\" class=\"yoast-schema-graph\">{\"@context\":\"https:\/\/schema.org\",\"@graph\":[{\"@type\":\"WebPage\",\"@id\":\"https:\/\/www.orthoglobalhealth.com\/fr\/concept\/\",\"url\":\"https:\/\/www.orthoglobalhealth.com\/fr\/concept\/\",\"name\":\"Concept - Ortho Global Health\",\"isPartOf\":{\"@id\":\"https:\/\/www.orthoglobalhealth.com\/fr\/#website\"},\"datePublished\":\"2015-09-16T04:42:15+00:00\",\"dateModified\":\"2019-12-06T02:32:53+00:00\",\"breadcrumb\":{\"@id\":\"https:\/\/www.orthoglobalhealth.com\/fr\/concept\/#breadcrumb\"},\"inLanguage\":\"fr-FR\",\"potentialAction\":[{\"@type\":\"ReadAction\",\"target\":[\"https:\/\/www.orthoglobalhealth.com\/fr\/concept\/\"]}]},{\"@type\":\"BreadcrumbList\",\"@id\":\"https:\/\/www.orthoglobalhealth.com\/fr\/concept\/#breadcrumb\",\"itemListElement\":[{\"@type\":\"ListItem\",\"position\":1,\"name\":\"Home\",\"item\":\"https:\/\/www.orthoglobalhealth.com\/fr\/\"},{\"@type\":\"ListItem\",\"position\":2,\"name\":\"Concept\"}]},{\"@type\":\"WebSite\",\"@id\":\"https:\/\/www.orthoglobalhealth.com\/fr\/#website\",\"url\":\"https:\/\/www.orthoglobalhealth.com\/fr\/\",\"name\":\"Ortho Global Health\",\"description\":\"\",\"potentialAction\":[{\"@type\":\"SearchAction\",\"target\":{\"@type\":\"EntryPoint\",\"urlTemplate\":\"https:\/\/www.orthoglobalhealth.com\/fr\/?s={search_term_string}\"},\"query-input\":{\"@type\":\"PropertyValueSpecification\",\"valueRequired\":true,\"valueName\":\"search_term_string\"}}],\"inLanguage\":\"fr-FR\"}]}<\/script>\n<!-- \/ Yoast SEO plugin. -->","yoast_head_json":{"title":"Concept - Ortho Global Health","robots":{"index":"index","follow":"follow","max-snippet":"max-snippet:-1","max-image-preview":"max-image-preview:large","max-video-preview":"max-video-preview:-1"},"canonical":"https:\/\/www.orthoglobalhealth.com\/fr\/concept\/","og_locale":"fr_FR","og_type":"article","og_title":"Concept - Ortho Global Health","og_description":"[et_pb_section fb_built=\u00a0\u00bb1&Prime; admin_label=\u00a0\u00bbsection\u00a0\u00bb _builder_version=\u00a0\u00bb3.22&Prime;][et_pb_row admin_label=\u00a0\u00bbRow\u00a0\u00bb _builder_version=\u00a0\u00bb3.25&Prime; background_size=\u00a0\u00bbinitial\u00a0\u00bb background_position=\u00a0\u00bbtop_left\u00a0\u00bb background_repeat=\u00a0\u00bbrepeat\u00a0\u00bb][et_pb_column type=\u00a0\u00bb4_4&Prime; _builder_version=\u00a0\u00bb3.25&Prime; custom_padding=\u00a0\u00bb|||\u00a0\u00bb custom_padding__hover=\u00a0\u00bb|||\u00a0\u00bb][et_pb_post_title meta=\u00a0\u00bboff\u00a0\u00bb featured_image=\u00a0\u00bboff\u00a0\u00bb admin_label=\u00a0\u00bbPost Title\u00a0\u00bb _builder_version=\u00a0\u00bb3.0.87&Prime; title_all_caps=\u00a0\u00bboff\u00a0\u00bb background_color=\u00a0\u00bbrgba(255,255,255,0)\u00a0\u00bb parallax=\u00a0\u00bbon\u00a0\u00bb parallax_method=\u00a0\u00bboff\u00a0\u00bb parallax_effect=\u00a0\u00bbon\u00a0\u00bb module_bg_color=\u00a0\u00bbrgba(255,255,255,0)\u00a0\u00bb use_border_color=\u00a0\u00bboff\u00a0\u00bb border_color=\u00a0\u00bb#ffffff\u00a0\u00bb border_style=\u00a0\u00bbsolid\u00a0\u00bb saved_tabs=\u00a0\u00bball\u00a0\u00bb][\/et_pb_post_title][\/et_pb_column][\/et_pb_row][et_pb_row admin_label=\u00a0\u00bbrow\u00a0\u00bb _builder_version=\u00a0\u00bb3.25&Prime; background_size=\u00a0\u00bbinitial\u00a0\u00bb background_position=\u00a0\u00bbtop_left\u00a0\u00bb background_repeat=\u00a0\u00bbrepeat\u00a0\u00bb][et_pb_column type=\u00a0\u00bb4_4&Prime; _builder_version=\u00a0\u00bb3.25&Prime; custom_padding=\u00a0\u00bb|||\u00a0\u00bb custom_padding__hover=\u00a0\u00bb|||\u00a0\u00bb][et_pb_text admin_label=\u00a0\u00bbText\u00a0\u00bb _builder_version=\u00a0\u00bb4.0.7&Prime; background_size=\u00a0\u00bbinitial\u00a0\u00bb background_position=\u00a0\u00bbtop_left\u00a0\u00bb background_repeat=\u00a0\u00bbrepeat\u00a0\u00bb hover_enabled=\u00a0\u00bb0&Prime; use_border_color=\u00a0\u00bboff\u00a0\u00bb border_color=\u00a0\u00bb#ffffff\u00a0\u00bb border_style=\u00a0\u00bbsolid\u00a0\u00bb] L&rsquo;orthodontie fonctionnelle permet, \u00e0 l&rsquo;aide d&rsquo;un ensemble de forces [&hellip;]","og_url":"https:\/\/www.orthoglobalhealth.com\/fr\/concept\/","og_site_name":"Ortho Global Health","article_modified_time":"2019-12-06T02:32:53+00:00","twitter_card":"summary_large_image","twitter_misc":{"Dur\u00e9e de lecture estim\u00e9e":"2 minutes"},"schema":{"@context":"https:\/\/schema.org","@graph":[{"@type":"WebPage","@id":"https:\/\/www.orthoglobalhealth.com\/fr\/concept\/","url":"https:\/\/www.orthoglobalhealth.com\/fr\/concept\/","name":"Concept - Ortho Global Health","isPartOf":{"@id":"https:\/\/www.orthoglobalhealth.com\/fr\/#website"},"datePublished":"2015-09-16T04:42:15+00:00","dateModified":"2019-12-06T02:32:53+00:00","breadcrumb":{"@id":"https:\/\/www.orthoglobalhealth.com\/fr\/concept\/#breadcrumb"},"inLanguage":"fr-FR","potentialAction":[{"@type":"ReadAction","target":["https:\/\/www.orthoglobalhealth.com\/fr\/concept\/"]}]},{"@type":"BreadcrumbList","@id":"https:\/\/www.orthoglobalhealth.com\/fr\/concept\/#breadcrumb","itemListElement":[{"@type":"ListItem","position":1,"name":"Home","item":"https:\/\/www.orthoglobalhealth.com\/fr\/"},{"@type":"ListItem","position":2,"name":"Concept"}]},{"@type":"WebSite","@id":"https:\/\/www.orthoglobalhealth.com\/fr\/#website","url":"https:\/\/www.orthoglobalhealth.com\/fr\/","name":"Ortho Global Health","description":"","potentialAction":[{"@type":"SearchAction","target":{"@type":"EntryPoint","urlTemplate":"https:\/\/www.orthoglobalhealth.com\/fr\/?s={search_term_string}"},"query-input":{"@type":"PropertyValueSpecification","valueRequired":true,"valueName":"search_term_string"}}],"inLanguage":"fr-FR"}]}},"jetpack_sharing_enabled":true,"_links":{"self":[{"href":"https:\/\/www.orthoglobalhealth.com\/fr\/wp-json\/wp\/v2\/pages\/44"}],"collection":[{"href":"https:\/\/www.orthoglobalhealth.com\/fr\/wp-json\/wp\/v2\/pages"}],"about":[{"href":"https:\/\/www.orthoglobalhealth.com\/fr\/wp-json\/wp\/v2\/types\/page"}],"author":[{"embeddable":true,"href":"https:\/\/www.orthoglobalhealth.com\/fr\/wp-json\/wp\/v2\/users\/1"}],"replies":[{"embeddable":true,"href":"https:\/\/www.orthoglobalhealth.com\/fr\/wp-json\/wp\/v2\/comments?post=44"}],"version-history":[{"count":9,"href":"https:\/\/www.orthoglobalhealth.com\/fr\/wp-json\/wp\/v2\/pages\/44\/revisions"}],"predecessor-version":[{"id":551,"href":"https:\/\/www.orthoglobalhealth.com\/fr\/wp-json\/wp\/v2\/pages\/44\/revisions\/551"}],"wp:attachment":[{"href":"https:\/\/www.orthoglobalhealth.com\/fr\/wp-json\/wp\/v2\/media?parent=44"}],"curies":[{"name":"wp","href":"https:\/\/api.w.org\/{rel}","templated":true}]}}