{"id":98,"date":"2015-09-16T15:52:52","date_gmt":"2015-09-16T07:52:52","guid":{"rendered":"https:\/\/www.orthoglobalhealth.com\/fr\/?page_id=98"},"modified":"2019-12-11T20:33:31","modified_gmt":"2019-12-11T12:33:31","slug":"introduction-renseignements","status":"publish","type":"page","link":"https:\/\/www.orthoglobalhealth.com\/fr\/introduction-renseignements\/","title":{"rendered":"Introduction &#038; demande de renseignements"},"content":{"rendered":"<p>[et_pb_section fb_built=\u00a0\u00bb1&Prime; admin_label=\u00a0\u00bbsection\u00a0\u00bb _builder_version=\u00a0\u00bb3.22&Prime;][et_pb_row admin_label=\u00a0\u00bbrow\u00a0\u00bb _builder_version=\u00a0\u00bb3.25&Prime; background_size=\u00a0\u00bbinitial\u00a0\u00bb background_position=\u00a0\u00bbtop_left\u00a0\u00bb background_repeat=\u00a0\u00bbrepeat\u00a0\u00bb][et_pb_column type=\u00a0\u00bb4_4&Prime; _builder_version=\u00a0\u00bb3.25&Prime; custom_padding=\u00a0\u00bb|||\u00a0\u00bb custom_padding__hover=\u00a0\u00bb|||\u00a0\u00bb][et_pb_post_title meta=\u00a0\u00bboff\u00a0\u00bb featured_image=\u00a0\u00bboff\u00a0\u00bb admin_label=\u00a0\u00bbPost Title\u00a0\u00bb _builder_version=\u00a0\u00bb3.0.87&Prime; title_all_caps=\u00a0\u00bboff\u00a0\u00bb background_color=\u00a0\u00bbrgba(255,255,255,0)\u00a0\u00bb parallax=\u00a0\u00bbon\u00a0\u00bb parallax_method=\u00a0\u00bboff\u00a0\u00bb parallax_effect=\u00a0\u00bbon\u00a0\u00bb module_bg_color=\u00a0\u00bbrgba(255,255,255,0)\u00a0\u00bb use_border_color=\u00a0\u00bboff\u00a0\u00bb border_color=\u00a0\u00bb#ffffff\u00a0\u00bb border_style=\u00a0\u00bbsolid\u00a0\u00bb saved_tabs=\u00a0\u00bball\u00a0\u00bb] [\/et_pb_post_title][et_pb_text admin_label=\u00a0\u00bbText\u00a0\u00bb _builder_version=\u00a0\u00bb4.0.7&Prime; background_size=\u00a0\u00bbinitial\u00a0\u00bb background_position=\u00a0\u00bbtop_left\u00a0\u00bb background_repeat=\u00a0\u00bbrepeat\u00a0\u00bb hover_enabled=\u00a0\u00bb0&Prime; use_border_color=\u00a0\u00bboff\u00a0\u00bb border_color=\u00a0\u00bb#ffffff\u00a0\u00bb border_style=\u00a0\u00bbsolid\u00a0\u00bb]<\/p>\n<p>Une pratique ortho \u00c9cologique et un corps Sain<\/p>\n<p>Il s\u2019agit d\u2019une immersion totale dans Ortho Global Health ; m\u00e9decine p\u00e9diatrique fonctionnelle holistique.<\/p>\n<p>Pour pratiquer Ortho Global Health en p\u00e9diatrie, nous devons comprendre la croissance de la t\u00eate, du visage, de l&rsquo;anatomie de la langue et de son r\u00f4le fonctionnel, ainsi que les mouvements des dents et les r\u00e9cidives ortho.<\/p>\n<p>Le projet Ortho Global Health propose un traitement plus global, plus rationnel et plus pr\u00e9coce pour la sant\u00e9 et le bien-\u00eatre d&rsquo;un enfant, maintenant et \u00e0 l&rsquo;avenir.<\/p>\n<p>[\/et_pb_text][et_pb_divider disabled_on=\u00a0\u00bbon|on|off\u00a0\u00bb admin_label=\u00a0\u00bbDivider\u00a0\u00bb _builder_version=\u00a0\u00bb3.2&Prime; hide_on_mobile=\u00a0\u00bbon\u00a0\u00bb] [\/et_pb_divider][\/et_pb_column][\/et_pb_row][et_pb_row column_structure=\u00a0\u00bb1_3,1_3,1_3&Prime; admin_label=\u00a0\u00bbRow\u00a0\u00bb _builder_version=\u00a0\u00bb3.25&Prime; background_size=\u00a0\u00bbinitial\u00a0\u00bb background_position=\u00a0\u00bbtop_left\u00a0\u00bb background_repeat=\u00a0\u00bbrepeat\u00a0\u00bb][et_pb_column type=\u00a0\u00bb1_3&Prime; _builder_version=\u00a0\u00bb3.25&Prime; custom_padding=\u00a0\u00bb|||\u00a0\u00bb custom_padding__hover=\u00a0\u00bb|||\u00a0\u00bb][et_pb_blurb title=\u00a0\u00bbMini r\u00e9sidence Notre Dame de Paris (3 jours de formation)\u00a0\u00bb use_icon=\u00a0\u00bbon\u00a0\u00bb font_icon=\u00a0\u00bb%%45%%\u00a0\u00bb icon_color=\u00a0\u00bb#009ed4&Prime; use_circle=\u00a0\u00bbon\u00a0\u00bb circle_color=\u00a0\u00bb#ffffff\u00a0\u00bb use_circle_border=\u00a0\u00bbon\u00a0\u00bb circle_border_color=\u00a0\u00bb#009ed4&Prime; admin_label=\u00a0\u00bbMini residency Notre Dame de Paris\u00a0\u00bb _builder_version=\u00a0\u00bb4.0.7&Prime; header_text_color=\u00a0\u00bb#75c483&Prime; background_size=\u00a0\u00bbinitial\u00a0\u00bb background_position=\u00a0\u00bbtop_left\u00a0\u00bb background_repeat=\u00a0\u00bbrepeat\u00a0\u00bb animation=\u00a0\u00bboff\u00a0\u00bb custom_css_blurb_title=\u00a0\u00bbmargin-bottom: 10px;\u00a0\u00bb use_border_color=\u00a0\u00bboff\u00a0\u00bb border_color=\u00a0\u00bb#75c483&Prime; border_style=\u00a0\u00bbsolid\u00a0\u00bb]<\/p>\n<p style=\"text-align: justify\"><strong> Description :<\/strong> 2 jours de cours + 1 jour de la pratique clinique.<br \/>\n<strong>Th\u00e8me :<\/strong> Orthop\u00e9die dentofaciale p\u00e9diatrique et m\u00e9decine fonctionnelle holistique.<br \/>\n<strong>Candidats :<\/strong> Dentistes, orthodontistes, ORL, p\u00e9diatres et infirmi\u00e8res.<\/p>\n<p style=\"text-align: justify\">D\u00e9couvrez et partagez avec nous 25 ans d\u2019exp\u00e9rience en m\u00e9decine fonctionnelle non invasive et douce.<\/p>\n<p style=\"text-align: justify\"><strong>Lieu :<\/strong> Centre OGH de Taipei, Ta\u00efwan.<br \/>\nPar le Dr Benaissa<\/p>\n<p>[\/et_pb_blurb][\/et_pb_column][et_pb_column type=\u00a0\u00bb1_3&Prime; _builder_version=\u00a0\u00bb3.25&Prime; custom_padding=\u00a0\u00bb|||\u00a0\u00bb custom_padding__hover=\u00a0\u00bb|||\u00a0\u00bb][et_pb_blurb title=\u00a0\u00bbMini r\u00e9sidence Arc de Triomphe (1 jour et demi de formation)\u00a0\u00bb use_icon=\u00a0\u00bbon\u00a0\u00bb font_icon=\u00a0\u00bb%%45%%\u00a0\u00bb icon_color=\u00a0\u00bb#009ed4&Prime; use_circle=\u00a0\u00bbon\u00a0\u00bb circle_color=\u00a0\u00bb#ffffff\u00a0\u00bb use_circle_border=\u00a0\u00bbon\u00a0\u00bb circle_border_color=\u00a0\u00bb#009ed4&Prime; admin_label=\u00a0\u00bbMini residency Arc de Triomphe\u00a0\u00bb _builder_version=\u00a0\u00bb4.0.7&Prime; header_text_color=\u00a0\u00bb#75c483&Prime; background_size=\u00a0\u00bbinitial\u00a0\u00bb background_position=\u00a0\u00bbtop_left\u00a0\u00bb background_repeat=\u00a0\u00bbrepeat\u00a0\u00bb animation=\u00a0\u00bboff\u00a0\u00bb custom_css_blurb_title=\u00a0\u00bbmargin-bottom: 10px;\u00a0\u00bb use_border_color=\u00a0\u00bboff\u00a0\u00bb border_color=\u00a0\u00bb#ffffff\u00a0\u00bb border_style=\u00a0\u00bbsolid\u00a0\u00bb]<\/p>\n<p style=\"text-align: justify\"><strong>Description :<\/strong> 1 journ\u00e9e de cours et une demi-journ\u00e9e pratique.<br \/>\n<strong>Th\u00e8me :<\/strong> Orthop\u00e9die dentofaciale p\u00e9diatrique et m\u00e9decine fonctionnelle holistique.<br \/>\n<strong>Candidats :<\/strong> Dentistes, orthodontistes, ORL, p\u00e9diatres et personnel (infirmi\u00e8res).<\/p>\n<p style=\"text-align: justify\"> D\u00e9couvrez et partagez avec nous 25 ans d\u2019exp\u00e9rience en m\u00e9decine fonctionnelle non invasive et douce.<\/p>\n<p style=\"text-align: justify\"><strong>Lieu :<\/strong> Formation et cours \u00e0 domicile : dans votre clinique, votre h\u00f4pital, votre universit\u00e9 de m\u00e9decine dentaire m\u00e9dicale ou de m\u00e9decine, votre ville et votre pays.<br \/>\nPar le Dr Benaissa<\/p>\n<p>[\/et_pb_blurb][\/et_pb_column][et_pb_column type=\u00a0\u00bb1_3&Prime; _builder_version=\u00a0\u00bb3.25&Prime; custom_padding=\u00a0\u00bb|||\u00a0\u00bb custom_padding__hover=\u00a0\u00bb|||\u00a0\u00bb][et_pb_blurb title=\u00a0\u00bbCours Tour Eiffel (3 heures de formation)\u00a0\u00bb use_icon=\u00a0\u00bbon\u00a0\u00bb font_icon=\u00a0\u00bb%%45%%\u00a0\u00bb icon_color=\u00a0\u00bb#009ed4&Prime; use_circle=\u00a0\u00bbon\u00a0\u00bb circle_color=\u00a0\u00bb#ffffff\u00a0\u00bb use_circle_border=\u00a0\u00bbon\u00a0\u00bb circle_border_color=\u00a0\u00bb#009ed4&Prime; admin_label=\u00a0\u00bbTour Eiffel courses\u00a0\u00bb _builder_version=\u00a0\u00bb4.0.7&Prime; header_text_color=\u00a0\u00bb#75c483&Prime; background_size=\u00a0\u00bbinitial\u00a0\u00bb background_position=\u00a0\u00bbtop_left\u00a0\u00bb background_repeat=\u00a0\u00bbrepeat\u00a0\u00bb animation=\u00a0\u00bboff\u00a0\u00bb custom_css_blurb_title=\u00a0\u00bbmargin-bottom: 10px;\u00a0\u00bb use_border_color=\u00a0\u00bboff\u00a0\u00bb border_color=\u00a0\u00bb#ffffff\u00a0\u00bb border_style=\u00a0\u00bbsolid\u00a0\u00bb]<\/p>\n<p style=\"text-align: justify\"><strong>Description :<\/strong> 3 heures de cours pour bien d\u00e9marrer votre premi\u00e8re immersion dans le concept OGH.<br \/>\n<strong>Th\u00e8me :<\/strong> Orthop\u00e9die dentofaciale p\u00e9diatrique et m\u00e9decine fonctionnelle holistique.<br \/>\n<strong>Candidats :<\/strong> Dentistes, orthodontistes, ORL, p\u00e9diatres et personnel (infirmi\u00e8res). <\/p>\n<p style=\"text-align: justify\"> D\u00e9couvrez et partagez avec nous 25 ans d\u2019exp\u00e9rience en m\u00e9decine fonctionnelle non invasive et douce. <\/p>\n<p style=\"text-align: justify\"><strong>Lieu :<\/strong>\u00a0En ligne<br \/>\nPar le Dr. Benaissa<\/p>\n<p>[\/et_pb_blurb][\/et_pb_column][\/et_pb_row][et_pb_row admin_label=\u00a0\u00bbRow\u00a0\u00bb _builder_version=\u00a0\u00bb3.25&Prime; background_size=\u00a0\u00bbinitial\u00a0\u00bb background_position=\u00a0\u00bbtop_left\u00a0\u00bb background_repeat=\u00a0\u00bbrepeat\u00a0\u00bb][et_pb_column type=\u00a0\u00bb4_4&Prime; _builder_version=\u00a0\u00bb3.25&Prime; custom_padding=\u00a0\u00bb|||\u00a0\u00bb custom_padding__hover=\u00a0\u00bb|||\u00a0\u00bb][et_pb_text admin_label=\u00a0\u00bbText\u00a0\u00bb module_class=\u00a0\u00bbem_introduction_inquiry\u00a0\u00bb _builder_version=\u00a0\u00bb4.0.7&Prime; text_text_color=\u00a0\u00bb#009ed4&Prime; background_size=\u00a0\u00bbinitial\u00a0\u00bb background_position=\u00a0\u00bbtop_left\u00a0\u00bb background_repeat=\u00a0\u00bbrepeat\u00a0\u00bb use_border_color=\u00a0\u00bboff\u00a0\u00bb border_color=\u00a0\u00bb#ffffff\u00a0\u00bb border_style=\u00a0\u00bbsolid\u00a0\u00bb]<\/p>\n<p style=\"text-align: center\">Le Dr Ben OGH a b\u00e2ti son concept durant 25 ann\u00e9es. <\/p>\n<p style=\"text-align: center\">Veuillez vous inscrire ci-dessous pour plus d&rsquo;informations et de d\u00e9tails. <\/p>\n<p>[\/et_pb_text][\/et_pb_column][\/et_pb_row][\/et_pb_section][et_pb_section fb_built=\u00a0\u00bb1&Prime; fullwidth=\u00a0\u00bbon\u00a0\u00bb custom_padding_last_edited=\u00a0\u00bbon|desktop\u00a0\u00bb admin_label=\u00a0\u00bbSection\u00a0\u00bb _builder_version=\u00a0\u00bb3.22&Prime; custom_padding_tablet=\u00a0\u00bb50px|0|50px|0&Prime; custom_padding_phone=\u00a0\u00bb\u00a0\u00bb transparent_background=\u00a0\u00bboff\u00a0\u00bb padding_mobile=\u00a0\u00bboff\u00a0\u00bb make_fullwidth=\u00a0\u00bboff\u00a0\u00bb use_custom_width=\u00a0\u00bboff\u00a0\u00bb width_unit=\u00a0\u00bbon\u00a0\u00bb][et_pb_fullwidth_header title=\u00a0\u00bbINSCRIVEZ-VOUS POUR LE PROGRAMME ET PLUS DE D\u00c9TAILS\u00a0\u00bb text_orientation=\u00a0\u00bbcenter\u00a0\u00bb header_fullscreen=\u00a0\u00bbon\u00a0\u00bb button_one_text=\u00a0\u00bbINSCRIVEZ-VOUS\u00a0\u00bb button_one_url=\u00a0\u00bbhttps:\/\/www.orthoglobalhealth.com\/fr\/inscription\/\u00a0\u00bb content_max_width=\u00a0\u00bbnone\u00a0\u00bb admin_label=\u00a0\u00bbCall to Action SIGN UP\u00a0\u00bb _builder_version=\u00a0\u00bb4.0.7&Prime; title_text_color=\u00a0\u00bb#ffffff\u00a0\u00bb content_text_color=\u00a0\u00bb#ffffff\u00a0\u00bb background_color=\u00a0\u00bb#009ed4&Prime; background_layout=\u00a0\u00bblight\u00a0\u00bb button_one_letter_spacing_hover=\u00a0\u00bb0&Prime; button_two_letter_spacing_hover=\u00a0\u00bb0&Prime; global_module=\u00a0\u00bb349&Prime; saved_tabs=\u00a0\u00bball\u00a0\u00bb button_one_text_size__hover_enabled=\u00a0\u00bboff\u00a0\u00bb button_two_text_size__hover_enabled=\u00a0\u00bboff\u00a0\u00bb button_one_text_color__hover_enabled=\u00a0\u00bboff\u00a0\u00bb button_two_text_color__hover_enabled=\u00a0\u00bboff\u00a0\u00bb button_one_border_width__hover_enabled=\u00a0\u00bboff\u00a0\u00bb button_two_border_width__hover_enabled=\u00a0\u00bboff\u00a0\u00bb button_one_border_color__hover_enabled=\u00a0\u00bboff\u00a0\u00bb button_two_border_color__hover_enabled=\u00a0\u00bboff\u00a0\u00bb button_one_border_radius__hover_enabled=\u00a0\u00bboff\u00a0\u00bb button_two_border_radius__hover_enabled=\u00a0\u00bboff\u00a0\u00bb button_one_letter_spacing__hover_enabled=\u00a0\u00bbon\u00a0\u00bb button_one_letter_spacing__hover=\u00a0\u00bb0&Prime; button_two_letter_spacing__hover_enabled=\u00a0\u00bbon\u00a0\u00bb button_two_letter_spacing__hover=\u00a0\u00bb0&Prime; button_one_bg_color__hover_enabled=\u00a0\u00bboff\u00a0\u00bb button_two_bg_color__hover_enabled=\u00a0\u00bboff\u00a0\u00bb]<\/p>\n<p> Corps naturel \/ Corps sain \/ Moins d&rsquo;appareils dentaires et plus de fonctions \/ Retour aux origines et aux \u00e9l\u00e9ments essentiels de la vie \/ Beau sourire et futur corps en bonne sant\u00e9 <\/p>\n<p>[\/et_pb_fullwidth_header][\/et_pb_section]<\/p>\n","protected":false},"excerpt":{"rendered":"<p>[et_pb_section fb_built=\u00a0\u00bb1&Prime; admin_label=\u00a0\u00bbsection\u00a0\u00bb _builder_version=\u00a0\u00bb3.22&Prime;][et_pb_row admin_label=\u00a0\u00bbrow\u00a0\u00bb _builder_version=\u00a0\u00bb3.25&Prime; background_size=\u00a0\u00bbinitial\u00a0\u00bb background_position=\u00a0\u00bbtop_left\u00a0\u00bb background_repeat=\u00a0\u00bbrepeat\u00a0\u00bb][et_pb_column type=\u00a0\u00bb4_4&Prime; _builder_version=\u00a0\u00bb3.25&Prime; custom_padding=\u00a0\u00bb|||\u00a0\u00bb custom_padding__hover=\u00a0\u00bb|||\u00a0\u00bb][et_pb_post_title meta=\u00a0\u00bboff\u00a0\u00bb featured_image=\u00a0\u00bboff\u00a0\u00bb admin_label=\u00a0\u00bbPost Title\u00a0\u00bb _builder_version=\u00a0\u00bb3.0.87&Prime; title_all_caps=\u00a0\u00bboff\u00a0\u00bb background_color=\u00a0\u00bbrgba(255,255,255,0)\u00a0\u00bb parallax=\u00a0\u00bbon\u00a0\u00bb parallax_method=\u00a0\u00bboff\u00a0\u00bb parallax_effect=\u00a0\u00bbon\u00a0\u00bb module_bg_color=\u00a0\u00bbrgba(255,255,255,0)\u00a0\u00bb use_border_color=\u00a0\u00bboff\u00a0\u00bb border_color=\u00a0\u00bb#ffffff\u00a0\u00bb border_style=\u00a0\u00bbsolid\u00a0\u00bb saved_tabs=\u00a0\u00bball\u00a0\u00bb] [\/et_pb_post_title][et_pb_text admin_label=\u00a0\u00bbText\u00a0\u00bb _builder_version=\u00a0\u00bb4.0.7&Prime; background_size=\u00a0\u00bbinitial\u00a0\u00bb background_position=\u00a0\u00bbtop_left\u00a0\u00bb background_repeat=\u00a0\u00bbrepeat\u00a0\u00bb hover_enabled=\u00a0\u00bb0&Prime; use_border_color=\u00a0\u00bboff\u00a0\u00bb border_color=\u00a0\u00bb#ffffff\u00a0\u00bb border_style=\u00a0\u00bbsolid\u00a0\u00bb] Une pratique ortho \u00c9cologique et un corps Sain Il s\u2019agit d\u2019une immersion totale dans Ortho Global Health [&hellip;]<\/p>\n","protected":false},"author":1,"featured_media":0,"parent":0,"menu_order":0,"comment_status":"closed","ping_status":"closed","template":"","meta":{"_et_pb_use_builder":"on","_et_pb_old_content":"","_et_gb_content_width":"","footnotes":""},"class_list":["post-98","page","type-page","status-publish","hentry"],"yoast_head":"<!-- This site is optimized with the Yoast SEO plugin v23.6 - https:\/\/yoast.com\/wordpress\/plugins\/seo\/ -->\n<title>Introduction &amp; demande de renseignements - Ortho Global Health<\/title>\n<meta name=\"robots\" content=\"index, follow, max-snippet:-1, max-image-preview:large, max-video-preview:-1\" \/>\n<link rel=\"canonical\" href=\"https:\/\/www.orthoglobalhealth.com\/fr\/introduction-renseignements\/\" \/>\n<meta property=\"og:locale\" content=\"fr_FR\" \/>\n<meta property=\"og:type\" content=\"article\" \/>\n<meta property=\"og:title\" content=\"Introduction &amp; demande de renseignements - Ortho Global Health\" \/>\n<meta property=\"og:description\" content=\"[et_pb_section fb_built=\u00a0\u00bb1&Prime; admin_label=\u00a0\u00bbsection\u00a0\u00bb _builder_version=\u00a0\u00bb3.22&Prime;][et_pb_row admin_label=\u00a0\u00bbrow\u00a0\u00bb _builder_version=\u00a0\u00bb3.25&Prime; background_size=\u00a0\u00bbinitial\u00a0\u00bb background_position=\u00a0\u00bbtop_left\u00a0\u00bb background_repeat=\u00a0\u00bbrepeat\u00a0\u00bb][et_pb_column type=\u00a0\u00bb4_4&Prime; _builder_version=\u00a0\u00bb3.25&Prime; custom_padding=\u00a0\u00bb|||\u00a0\u00bb custom_padding__hover=\u00a0\u00bb|||\u00a0\u00bb][et_pb_post_title meta=\u00a0\u00bboff\u00a0\u00bb featured_image=\u00a0\u00bboff\u00a0\u00bb admin_label=\u00a0\u00bbPost Title\u00a0\u00bb _builder_version=\u00a0\u00bb3.0.87&Prime; title_all_caps=\u00a0\u00bboff\u00a0\u00bb background_color=\u00a0\u00bbrgba(255,255,255,0)\u00a0\u00bb parallax=\u00a0\u00bbon\u00a0\u00bb parallax_method=\u00a0\u00bboff\u00a0\u00bb parallax_effect=\u00a0\u00bbon\u00a0\u00bb module_bg_color=\u00a0\u00bbrgba(255,255,255,0)\u00a0\u00bb use_border_color=\u00a0\u00bboff\u00a0\u00bb border_color=\u00a0\u00bb#ffffff\u00a0\u00bb border_style=\u00a0\u00bbsolid\u00a0\u00bb saved_tabs=\u00a0\u00bball\u00a0\u00bb] [\/et_pb_post_title][et_pb_text admin_label=\u00a0\u00bbText\u00a0\u00bb _builder_version=\u00a0\u00bb4.0.7&Prime; background_size=\u00a0\u00bbinitial\u00a0\u00bb background_position=\u00a0\u00bbtop_left\u00a0\u00bb background_repeat=\u00a0\u00bbrepeat\u00a0\u00bb hover_enabled=\u00a0\u00bb0&Prime; use_border_color=\u00a0\u00bboff\u00a0\u00bb border_color=\u00a0\u00bb#ffffff\u00a0\u00bb border_style=\u00a0\u00bbsolid\u00a0\u00bb] Une pratique ortho \u00c9cologique et un corps Sain Il s\u2019agit d\u2019une immersion totale dans Ortho Global Health [&hellip;]\" \/>\n<meta property=\"og:url\" content=\"https:\/\/www.orthoglobalhealth.com\/fr\/introduction-renseignements\/\" \/>\n<meta property=\"og:site_name\" content=\"Ortho Global Health\" \/>\n<meta property=\"article:modified_time\" content=\"2019-12-11T12:33:31+00:00\" \/>\n<meta name=\"twitter:card\" content=\"summary_large_image\" \/>\n<meta name=\"twitter:label1\" content=\"Dur\u00e9e de lecture estim\u00e9e\" \/>\n\t<meta name=\"twitter:data1\" content=\"6 minutes\" \/>\n<script type=\"application\/ld+json\" class=\"yoast-schema-graph\">{\"@context\":\"https:\/\/schema.org\",\"@graph\":[{\"@type\":\"WebPage\",\"@id\":\"https:\/\/www.orthoglobalhealth.com\/fr\/introduction-renseignements\/\",\"url\":\"https:\/\/www.orthoglobalhealth.com\/fr\/introduction-renseignements\/\",\"name\":\"Introduction & demande de renseignements - Ortho Global Health\",\"isPartOf\":{\"@id\":\"https:\/\/www.orthoglobalhealth.com\/fr\/#website\"},\"datePublished\":\"2015-09-16T07:52:52+00:00\",\"dateModified\":\"2019-12-11T12:33:31+00:00\",\"breadcrumb\":{\"@id\":\"https:\/\/www.orthoglobalhealth.com\/fr\/introduction-renseignements\/#breadcrumb\"},\"inLanguage\":\"fr-FR\",\"potentialAction\":[{\"@type\":\"ReadAction\",\"target\":[\"https:\/\/www.orthoglobalhealth.com\/fr\/introduction-renseignements\/\"]}]},{\"@type\":\"BreadcrumbList\",\"@id\":\"https:\/\/www.orthoglobalhealth.com\/fr\/introduction-renseignements\/#breadcrumb\",\"itemListElement\":[{\"@type\":\"ListItem\",\"position\":1,\"name\":\"Home\",\"item\":\"https:\/\/www.orthoglobalhealth.com\/fr\/\"},{\"@type\":\"ListItem\",\"position\":2,\"name\":\"Introduction &#038; demande de renseignements\"}]},{\"@type\":\"WebSite\",\"@id\":\"https:\/\/www.orthoglobalhealth.com\/fr\/#website\",\"url\":\"https:\/\/www.orthoglobalhealth.com\/fr\/\",\"name\":\"Ortho Global Health\",\"description\":\"\",\"potentialAction\":[{\"@type\":\"SearchAction\",\"target\":{\"@type\":\"EntryPoint\",\"urlTemplate\":\"https:\/\/www.orthoglobalhealth.com\/fr\/?s={search_term_string}\"},\"query-input\":{\"@type\":\"PropertyValueSpecification\",\"valueRequired\":true,\"valueName\":\"search_term_string\"}}],\"inLanguage\":\"fr-FR\"}]}<\/script>\n<!-- \/ Yoast SEO plugin. -->","yoast_head_json":{"title":"Introduction & demande de renseignements - Ortho Global Health","robots":{"index":"index","follow":"follow","max-snippet":"max-snippet:-1","max-image-preview":"max-image-preview:large","max-video-preview":"max-video-preview:-1"},"canonical":"https:\/\/www.orthoglobalhealth.com\/fr\/introduction-renseignements\/","og_locale":"fr_FR","og_type":"article","og_title":"Introduction & demande de renseignements - Ortho Global Health","og_description":"[et_pb_section fb_built=\u00a0\u00bb1&Prime; admin_label=\u00a0\u00bbsection\u00a0\u00bb _builder_version=\u00a0\u00bb3.22&Prime;][et_pb_row admin_label=\u00a0\u00bbrow\u00a0\u00bb _builder_version=\u00a0\u00bb3.25&Prime; background_size=\u00a0\u00bbinitial\u00a0\u00bb background_position=\u00a0\u00bbtop_left\u00a0\u00bb background_repeat=\u00a0\u00bbrepeat\u00a0\u00bb][et_pb_column type=\u00a0\u00bb4_4&Prime; _builder_version=\u00a0\u00bb3.25&Prime; custom_padding=\u00a0\u00bb|||\u00a0\u00bb custom_padding__hover=\u00a0\u00bb|||\u00a0\u00bb][et_pb_post_title meta=\u00a0\u00bboff\u00a0\u00bb featured_image=\u00a0\u00bboff\u00a0\u00bb admin_label=\u00a0\u00bbPost Title\u00a0\u00bb _builder_version=\u00a0\u00bb3.0.87&Prime; title_all_caps=\u00a0\u00bboff\u00a0\u00bb background_color=\u00a0\u00bbrgba(255,255,255,0)\u00a0\u00bb parallax=\u00a0\u00bbon\u00a0\u00bb parallax_method=\u00a0\u00bboff\u00a0\u00bb parallax_effect=\u00a0\u00bbon\u00a0\u00bb module_bg_color=\u00a0\u00bbrgba(255,255,255,0)\u00a0\u00bb use_border_color=\u00a0\u00bboff\u00a0\u00bb border_color=\u00a0\u00bb#ffffff\u00a0\u00bb border_style=\u00a0\u00bbsolid\u00a0\u00bb saved_tabs=\u00a0\u00bball\u00a0\u00bb] [\/et_pb_post_title][et_pb_text admin_label=\u00a0\u00bbText\u00a0\u00bb _builder_version=\u00a0\u00bb4.0.7&Prime; background_size=\u00a0\u00bbinitial\u00a0\u00bb background_position=\u00a0\u00bbtop_left\u00a0\u00bb background_repeat=\u00a0\u00bbrepeat\u00a0\u00bb hover_enabled=\u00a0\u00bb0&Prime; use_border_color=\u00a0\u00bboff\u00a0\u00bb border_color=\u00a0\u00bb#ffffff\u00a0\u00bb border_style=\u00a0\u00bbsolid\u00a0\u00bb] Une pratique ortho \u00c9cologique et un corps Sain Il s\u2019agit d\u2019une immersion totale dans Ortho Global Health [&hellip;]","og_url":"https:\/\/www.orthoglobalhealth.com\/fr\/introduction-renseignements\/","og_site_name":"Ortho Global Health","article_modified_time":"2019-12-11T12:33:31+00:00","twitter_card":"summary_large_image","twitter_misc":{"Dur\u00e9e de lecture estim\u00e9e":"6 minutes"},"schema":{"@context":"https:\/\/schema.org","@graph":[{"@type":"WebPage","@id":"https:\/\/www.orthoglobalhealth.com\/fr\/introduction-renseignements\/","url":"https:\/\/www.orthoglobalhealth.com\/fr\/introduction-renseignements\/","name":"Introduction & demande de renseignements - Ortho Global Health","isPartOf":{"@id":"https:\/\/www.orthoglobalhealth.com\/fr\/#website"},"datePublished":"2015-09-16T07:52:52+00:00","dateModified":"2019-12-11T12:33:31+00:00","breadcrumb":{"@id":"https:\/\/www.orthoglobalhealth.com\/fr\/introduction-renseignements\/#breadcrumb"},"inLanguage":"fr-FR","potentialAction":[{"@type":"ReadAction","target":["https:\/\/www.orthoglobalhealth.com\/fr\/introduction-renseignements\/"]}]},{"@type":"BreadcrumbList","@id":"https:\/\/www.orthoglobalhealth.com\/fr\/introduction-renseignements\/#breadcrumb","itemListElement":[{"@type":"ListItem","position":1,"name":"Home","item":"https:\/\/www.orthoglobalhealth.com\/fr\/"},{"@type":"ListItem","position":2,"name":"Introduction &#038; demande de renseignements"}]},{"@type":"WebSite","@id":"https:\/\/www.orthoglobalhealth.com\/fr\/#website","url":"https:\/\/www.orthoglobalhealth.com\/fr\/","name":"Ortho Global Health","description":"","potentialAction":[{"@type":"SearchAction","target":{"@type":"EntryPoint","urlTemplate":"https:\/\/www.orthoglobalhealth.com\/fr\/?s={search_term_string}"},"query-input":{"@type":"PropertyValueSpecification","valueRequired":true,"valueName":"search_term_string"}}],"inLanguage":"fr-FR"}]}},"jetpack_sharing_enabled":true,"_links":{"self":[{"href":"https:\/\/www.orthoglobalhealth.com\/fr\/wp-json\/wp\/v2\/pages\/98"}],"collection":[{"href":"https:\/\/www.orthoglobalhealth.com\/fr\/wp-json\/wp\/v2\/pages"}],"about":[{"href":"https:\/\/www.orthoglobalhealth.com\/fr\/wp-json\/wp\/v2\/types\/page"}],"author":[{"embeddable":true,"href":"https:\/\/www.orthoglobalhealth.com\/fr\/wp-json\/wp\/v2\/users\/1"}],"replies":[{"embeddable":true,"href":"https:\/\/www.orthoglobalhealth.com\/fr\/wp-json\/wp\/v2\/comments?post=98"}],"version-history":[{"count":58,"href":"https:\/\/www.orthoglobalhealth.com\/fr\/wp-json\/wp\/v2\/pages\/98\/revisions"}],"predecessor-version":[{"id":665,"href":"https:\/\/www.orthoglobalhealth.com\/fr\/wp-json\/wp\/v2\/pages\/98\/revisions\/665"}],"wp:attachment":[{"href":"https:\/\/www.orthoglobalhealth.com\/fr\/wp-json\/wp\/v2\/media?parent=98"}],"curies":[{"name":"wp","href":"https:\/\/api.w.org\/{rel}","templated":true}]}}