{"id":169,"date":"2016-01-18T18:14:26","date_gmt":"2016-01-18T10:14:26","guid":{"rendered":"https:\/\/www.orthoglobalhealth.com\/zh\/?page_id=169"},"modified":"2020-12-15T11:30:53","modified_gmt":"2020-12-15T03:30:53","slug":"dr-kamel-benaissa","status":"publish","type":"page","link":"https:\/\/www.orthoglobalhealth.com\/zh\/dr-kamel-benaissa\/","title":{"rendered":"Kamel Benaissa\u533b\u751f"},"content":{"rendered":"<p>[et_pb_section fb_built=&#8221;1&#8243; admin_label=&#8221;section&#8221; _builder_version=&#8221;3.22&#8243;][et_pb_row column_structure=&#8221;1_4,3_4&#8243; admin_label=&#8221;row&#8221; _builder_version=&#8221;3.25&#8243; background_size=&#8221;initial&#8221; background_position=&#8221;top_left&#8221; background_repeat=&#8221;repeat&#8221;][et_pb_column type=&#8221;1_4&#8243; _builder_version=&#8221;3.25&#8243; custom_padding=&#8221;|||&#8221; custom_padding__hover=&#8221;|||&#8221;][et_pb_image src=&#8221;https:\/\/www.orthoglobalhealth.com\/zh\/wp-content\/uploads\/2016\/01\/dr_kamel_benaissa.jpg&#8221; alt=&#8221;Doctor Kamel Benaissa &#8211; OGH Taipei&#8221; show_bottom_space=&#8221;off&#8221; align_tablet=&#8221;center&#8221; align_phone=&#8221;&#8221; align_last_edited=&#8221;on|desktop&#8221; admin_label=&#8221;Image&#8221; _builder_version=&#8221;3.23&#8243; animation=&#8221;off&#8221; sticky=&#8221;on&#8221; use_border_color=&#8221;off&#8221; border_color=&#8221;#ffffff&#8221; border_style=&#8221;solid&#8221; always_center_on_mobile=&#8221;on&#8221;][\/et_pb_image][\/et_pb_column][et_pb_column type=&#8221;3_4&#8243; _builder_version=&#8221;3.25&#8243; custom_padding=&#8221;|||&#8221; custom_padding__hover=&#8221;|||&#8221;][et_pb_text admin_label=&#8221;Text&#8221; _builder_version=&#8221;4.7.4&#8243; background_size=&#8221;initial&#8221; background_position=&#8221;top_left&#8221; background_repeat=&#8221;repeat&#8221; use_border_color=&#8221;off&#8221; border_color=&#8221;#ffffff&#8221; border_style=&#8221;solid&#8221;]<\/p>\n<h2>Kamel Benaissa\u533b\u751f<\/h2>\n<p>\u90ae\u7bb1\uff1acontact@orthoglobalhealth.com<br \/>\n\u8bed\u8a00\uff1a\u6cd5\u8bed\u3001\u82f1\u8bed\u3001\u56fd\u8bed<\/p>\n<p><em> \u7b80\u5355\uff01 \u73af\u4fdd\uff01 \u8fd9\u662f\u5173\u4e8e\u8138\u548c\u5065\u5eb7\u7684\u8eab\u4f53\u3002<br \/>\n\u4e0d\u4ec5\u4ec5\u662f\u7259\u9f7f\uff01 \u4ece3\u5c81\u5f00\u59cb\u505a\u7259\u9f7f\u77eb\u6b63\u6216\u9aa8\u77eb\u5f62\u3002 \u9f3b\u547c\u5438\u66f4\u597d\uff01 \u4e0d\u9700\u8981\u592a\u591a\u7684\u7259\u5957\u8fd8\u6709\u66f4\u591a\u7684\u529f\u80fd\uff01<br \/>\nKamel Benaissa\u533b\u751f\u662f\u4e00\u540d\u62e5\u670920\u591a\u5e74\u4e34\u5e8a\u7ecf\u9a8c\u7684\u6b63\u7578\u4e13\u5bb6\uff0c\u64c5\u957f\u4e8e\u4f7f\u7528\u53ef\u62c6\u5378\u5f0f\u7684\u529f\u80fd\u77eb\u6b63\u5668\u3002<br \/>\n\u7259\u9762\u988c\u77eb\u5f62\uff0c\u513f\u79d1\u548c\u808c\u529f\u80fd\u77eb\u5f62<br \/>\n\u6ce8\u91cd\u529f\u80fd\/\u53ef\u62c6\u5378\u88c5\u7f6e\/\u53e3\u547c\u5438\/\u77eb\u6b63\u590d\u53d1\u7684\u6848\u4f8b\/\u7761\u7720\u547c\u5438\u6682\u505c\/\u989e\u988c\u5173\u8282\u5f02\u5e38\/\u513f\u7ae5\u78e8\u7259\u75c7&#038;\u5168\u9762\u8eab\u4f53\u5065\u5eb7\u3002<\/em>[\/et_pb_text][\/et_pb_column][\/et_pb_row][et_pb_row admin_label=&#8221;Row&#8221; _builder_version=&#8221;3.25&#8243; background_size=&#8221;initial&#8221; background_position=&#8221;top_left&#8221; background_repeat=&#8221;repeat&#8221;][et_pb_column type=&#8221;4_4&#8243; _builder_version=&#8221;3.25&#8243; custom_padding=&#8221;|||&#8221; custom_padding__hover=&#8221;|||&#8221;][et_pb_text admin_label=&#8221;Text&#8221; _builder_version=&#8221;4.7.4&#8243; background_size=&#8221;initial&#8221; background_position=&#8221;top_left&#8221; background_repeat=&#8221;repeat&#8221; hover_enabled=&#8221;0&#8243; use_border_color=&#8221;off&#8221; border_color=&#8221;#ffffff&#8221; border_style=&#8221;solid&#8221; sticky_enabled=&#8221;0&#8243;]<\/p>\n<ul>\n<li>\u6587\u51ed\uff0c\u7259\u533b\u5b66\u58eb\uff08DDS\uff09\u3002<\/li>\n<li>La Pitie Salpetriere\u533b\u9662\uff0c\u5df4\u9ece\u7b2c\u516d\u5927\u5b66\uff0c\u5728\u7259\u988c\u9762\u90e8\u53ca\u513f\u7ae5\u53e3\u8154\u5916\u79d1\u63a5\u53d7\u4e86\u4e00\u5e74\u7684\u57f9\u8bad\u3002  <\/li>\n<li>\u533b\u9662\uff0c\u53e3\u8154\u533b\u5b66\u548c\u988c\u9762\u5916\u79d1\uff0c\u6cd5\u56fd\u5df4\u9ece\u7b2c\u516d\u5927\u5b66\uff0c\u513f\u79d1\u6b63\u7578\u529f\u80fd\u7855\u58eb\u5b66\u4f4d. <\/li>\n<li>\u5df4\u9eceRobert Debre\u533b\u9662\u513f\u79d1\u53e3\u8154\u6b63\u7578\u5b66\u8ba4\u8bc1\u3002<\/li>\n<li>\u5728\u6cd5\u56fd\u5df4\u9ece\u7684\u5de5\u4f5c\u57f9\u8bad\u7ecf\u5386\uff1a\n<ul style=\"padding-bottom: 0;\">\n<li>La Piti\u00e9 Salp\u00eatri\u00e8re\u533b\u9662\u3002 <\/li>\n<li>Saint Vincent \u533b\u9662\u3002<\/li>\n<li>Robert Debre\u0301\u533b\u9662\u3002<\/li>\n<li>Ambroise Pare\u3002\u533b\u9662.<\/li>\n<li>Robert Ballanger\u3002\u533b\u9662.<\/li>\n<\/ul>\n<\/li>\n<li>\u6cd5\u56fd\u6b63\u7578\u5b66\u4f1a\u4f1a\u5458\uff08SFODF\uff09\u3002 <\/li>\n<li>\u56fd\u9645\u6b63\u7578\u5b66\u4f1a\u4f1a\u5458\uff08IAO\uff09\u3002<\/li>\n<li>\u56fd\u9645\u529f\u80fd\u534f\u4f1a\u4f1a\u5458\uff08IFUNA\uff09\u3002<\/li>\n<li>\u56fd\u9645\u6b63\u7578\u534f\u4f1a\u6cd5\u56fd\u5206\u4f1a\u4f1a\u5458\uff08AIOF\uff09\u3002<\/li>\n<li>\u7f8e\u56fd\u9885\u9762\u75bc\u75db\u5b66\u4f1a\uff0cTMD\u548c\u7259\u79d1\u7761\u7720\u6703\u54e1\u3002<\/li>\n<li>\u6280\u672f\u9a8c\u8bc1 \u3002<\/li>\n<li>Incognito\u8ba4\u8bc1\uff0c\u820c\u4fa7\u6b63\u7578\u672f\u3002<\/li>\n<li>Harmony\u8ba4\u8bc1\uff0c\u820c\u4fa7\u6b63\u7578\u672f\u3002<\/li>\n<li>eCligner\u8ba4\u8bc1\uff0c\u65e0\u7259\u5957\u6280\u672f\u3002<\/li>\n<li>\u9690\u9002\u7f8e\u8bc1\u4e66\uff0c\u65e0\u7259\u5957\u6280\u672f\u3002\u3002<\/li>\n<li>BracketSar\u8ba4\u8bc1\uff0c\u65e0\u7259\u5957\u6280\u672f\u3002<\/l\n\t\n\n<li>MRC\u8ba4\u8bc1\u6d3b\u52a8\u77eb\u6b63\u88c5\u7f6e\u3002<\/li>\n<\/ul>\n<p>[\/et_pb_text][\/et_pb_column][\/et_pb_row][\/et_pb_section]<\/p>\n","protected":false},"excerpt":{"rendered":"<p>Kamel Benaissa\u533b\u751f \u90ae\u7bb1\uff1acontact@orthoglobalhealth.com \u8bed\u8a00\uff1a\u6cd5\u8bed [&hellip;]<\/p>\n","protected":false},"author":1,"featured_media":0,"parent":0,"menu_order":0,"comment_status":"closed","ping_status":"closed","template":"","meta":{"_et_pb_use_builder":"on","_et_pb_old_content":"","_et_gb_content_width":"","footnotes":""},"class_list":["post-169","page","type-page","status-publish","hentry"],"yoast_head":"<!-- This site is optimized with the Yoast SEO plugin v25.6 - https:\/\/yoast.com\/wordpress\/plugins\/seo\/ -->\n<title>Kamel Benaissa\u533b\u751f - Ortho Global Health<\/title>\n<meta name=\"robots\" content=\"index, follow, max-snippet:-1, max-image-preview:large, max-video-preview:-1\" \/>\n<link rel=\"canonical\" href=\"https:\/\/www.orthoglobalhealth.com\/zh\/dr-kamel-benaissa\/\" \/>\n<meta property=\"og:locale\" content=\"zh_TW\" \/>\n<meta property=\"og:type\" content=\"article\" \/>\n<meta property=\"og:title\" content=\"Kamel Benaissa\u533b\u751f - Ortho Global Health\" \/>\n<meta property=\"og:description\" content=\"Kamel Benaissa\u533b\u751f \u90ae\u7bb1\uff1acontact@orthoglobalhealth.com \u8bed\u8a00\uff1a\u6cd5\u8bed [&hellip;]\" \/>\n<meta property=\"og:url\" content=\"https:\/\/www.orthoglobalhealth.com\/zh\/dr-kamel-benaissa\/\" \/>\n<meta property=\"og:site_name\" content=\"Ortho Global Health\" \/>\n<meta property=\"article:modified_time\" content=\"2020-12-15T03:30:53+00:00\" \/>\n<meta name=\"twitter:card\" content=\"summary_large_image\" \/>\n<meta name=\"twitter:label1\" content=\"\u9810\u4f30\u95b1\u8b80\u6642\u9593\" \/>\n\t<meta name=\"twitter:data1\" content=\"1 \u5206\u9418\" \/>\n<script type=\"application\/ld+json\" class=\"yoast-schema-graph\">{\"@context\":\"https:\/\/schema.org\",\"@graph\":[{\"@type\":\"WebPage\",\"@id\":\"https:\/\/www.orthoglobalhealth.com\/zh\/dr-kamel-benaissa\/\",\"url\":\"https:\/\/www.orthoglobalhealth.com\/zh\/dr-kamel-benaissa\/\",\"name\":\"Kamel Benaissa\u533b\u751f - Ortho Global Health\",\"isPartOf\":{\"@id\":\"https:\/\/www.orthoglobalhealth.com\/zh\/#website\"},\"datePublished\":\"2016-01-18T10:14:26+00:00\",\"dateModified\":\"2020-12-15T03:30:53+00:00\",\"breadcrumb\":{\"@id\":\"https:\/\/www.orthoglobalhealth.com\/zh\/dr-kamel-benaissa\/#breadcrumb\"},\"inLanguage\":\"zh-TW\",\"potentialAction\":[{\"@type\":\"ReadAction\",\"target\":[\"https:\/\/www.orthoglobalhealth.com\/zh\/dr-kamel-benaissa\/\"]}]},{\"@type\":\"BreadcrumbList\",\"@id\":\"https:\/\/www.orthoglobalhealth.com\/zh\/dr-kamel-benaissa\/#breadcrumb\",\"itemListElement\":[{\"@type\":\"ListItem\",\"position\":1,\"name\":\"Home\",\"item\":\"https:\/\/www.orthoglobalhealth.com\/zh\/\"},{\"@type\":\"ListItem\",\"position\":2,\"name\":\"Kamel Benaissa\u533b\u751f\"}]},{\"@type\":\"WebSite\",\"@id\":\"https:\/\/www.orthoglobalhealth.com\/zh\/#website\",\"url\":\"https:\/\/www.orthoglobalhealth.com\/zh\/\",\"name\":\"Ortho Global Health\",\"description\":\"\",\"potentialAction\":[{\"@type\":\"SearchAction\",\"target\":{\"@type\":\"EntryPoint\",\"urlTemplate\":\"https:\/\/www.orthoglobalhealth.com\/zh\/?s={search_term_string}\"},\"query-input\":{\"@type\":\"PropertyValueSpecification\",\"valueRequired\":true,\"valueName\":\"search_term_string\"}}],\"inLanguage\":\"zh-TW\"}]}<\/script>\n<!-- \/ Yoast SEO plugin. -->","yoast_head_json":{"title":"Kamel Benaissa\u533b\u751f - Ortho Global Health","robots":{"index":"index","follow":"follow","max-snippet":"max-snippet:-1","max-image-preview":"max-image-preview:large","max-video-preview":"max-video-preview:-1"},"canonical":"https:\/\/www.orthoglobalhealth.com\/zh\/dr-kamel-benaissa\/","og_locale":"zh_TW","og_type":"article","og_title":"Kamel Benaissa\u533b\u751f - Ortho Global Health","og_description":"Kamel Benaissa\u533b\u751f \u90ae\u7bb1\uff1acontact@orthoglobalhealth.com \u8bed\u8a00\uff1a\u6cd5\u8bed [&hellip;]","og_url":"https:\/\/www.orthoglobalhealth.com\/zh\/dr-kamel-benaissa\/","og_site_name":"Ortho Global Health","article_modified_time":"2020-12-15T03:30:53+00:00","twitter_card":"summary_large_image","twitter_misc":{"\u9810\u4f30\u95b1\u8b80\u6642\u9593":"1 \u5206\u9418"},"schema":{"@context":"https:\/\/schema.org","@graph":[{"@type":"WebPage","@id":"https:\/\/www.orthoglobalhealth.com\/zh\/dr-kamel-benaissa\/","url":"https:\/\/www.orthoglobalhealth.com\/zh\/dr-kamel-benaissa\/","name":"Kamel Benaissa\u533b\u751f - Ortho Global Health","isPartOf":{"@id":"https:\/\/www.orthoglobalhealth.com\/zh\/#website"},"datePublished":"2016-01-18T10:14:26+00:00","dateModified":"2020-12-15T03:30:53+00:00","breadcrumb":{"@id":"https:\/\/www.orthoglobalhealth.com\/zh\/dr-kamel-benaissa\/#breadcrumb"},"inLanguage":"zh-TW","potentialAction":[{"@type":"ReadAction","target":["https:\/\/www.orthoglobalhealth.com\/zh\/dr-kamel-benaissa\/"]}]},{"@type":"BreadcrumbList","@id":"https:\/\/www.orthoglobalhealth.com\/zh\/dr-kamel-benaissa\/#breadcrumb","itemListElement":[{"@type":"ListItem","position":1,"name":"Home","item":"https:\/\/www.orthoglobalhealth.com\/zh\/"},{"@type":"ListItem","position":2,"name":"Kamel Benaissa\u533b\u751f"}]},{"@type":"WebSite","@id":"https:\/\/www.orthoglobalhealth.com\/zh\/#website","url":"https:\/\/www.orthoglobalhealth.com\/zh\/","name":"Ortho Global Health","description":"","potentialAction":[{"@type":"SearchAction","target":{"@type":"EntryPoint","urlTemplate":"https:\/\/www.orthoglobalhealth.com\/zh\/?s={search_term_string}"},"query-input":{"@type":"PropertyValueSpecification","valueRequired":true,"valueName":"search_term_string"}}],"inLanguage":"zh-TW"}]}},"jetpack_sharing_enabled":true,"_links":{"self":[{"href":"https:\/\/www.orthoglobalhealth.com\/zh\/wp-json\/wp\/v2\/pages\/169"}],"collection":[{"href":"https:\/\/www.orthoglobalhealth.com\/zh\/wp-json\/wp\/v2\/pages"}],"about":[{"href":"https:\/\/www.orthoglobalhealth.com\/zh\/wp-json\/wp\/v2\/types\/page"}],"author":[{"embeddable":true,"href":"https:\/\/www.orthoglobalhealth.com\/zh\/wp-json\/wp\/v2\/users\/1"}],"replies":[{"embeddable":true,"href":"https:\/\/www.orthoglobalhealth.com\/zh\/wp-json\/wp\/v2\/comments?post=169"}],"version-history":[{"count":10,"href":"https:\/\/www.orthoglobalhealth.com\/zh\/wp-json\/wp\/v2\/pages\/169\/revisions"}],"predecessor-version":[{"id":821,"href":"https:\/\/www.orthoglobalhealth.com\/zh\/wp-json\/wp\/v2\/pages\/169\/revisions\/821"}],"wp:attachment":[{"href":"https:\/\/www.orthoglobalhealth.com\/zh\/wp-json\/wp\/v2\/media?parent=169"}],"curies":[{"name":"wp","href":"https:\/\/api.w.org\/{rel}","templated":true}]}}