{"id":77,"date":"2015-09-16T14:59:54","date_gmt":"2015-09-16T06:59:54","guid":{"rendered":"https:\/\/www.orthoglobalhealth.com\/zh\/?page_id=77"},"modified":"2020-12-15T11:21:05","modified_gmt":"2020-12-15T03:21:05","slug":"%e5%93%81%e7%89%8c%e6%95%85%e4%ba%8b","status":"publish","type":"page","link":"https:\/\/www.orthoglobalhealth.com\/zh\/%e5%93%81%e7%89%8c%e6%95%85%e4%ba%8b\/","title":{"rendered":"\u54c1\u724c\u6545\u4e8b"},"content":{"rendered":"<p>[et_pb_section fb_built=&#8221;1&#8243; admin_label=&#8221;section&#8221; _builder_version=&#8221;3.22&#8243;][et_pb_row admin_label=&#8221;Row&#8221; _builder_version=&#8221;3.25&#8243; background_size=&#8221;initial&#8221; background_position=&#8221;top_left&#8221; background_repeat=&#8221;repeat&#8221;][et_pb_column type=&#8221;4_4&#8243; _builder_version=&#8221;3.25&#8243; custom_padding=&#8221;|||&#8221; custom_padding__hover=&#8221;|||&#8221;][et_pb_post_title meta=&#8221;off&#8221; featured_image=&#8221;off&#8221; admin_label=&#8221;Post Title&#8221; _builder_version=&#8221;3.0.87&#8243; title_all_caps=&#8221;off&#8221; background_color=&#8221;rgba(255,255,255,0)&#8221; parallax=&#8221;on&#8221; parallax_method=&#8221;off&#8221; parallax_effect=&#8221;on&#8221; module_bg_color=&#8221;rgba(255,255,255,0)&#8221; use_border_color=&#8221;off&#8221; border_color=&#8221;#ffffff&#8221; border_style=&#8221;solid&#8221; saved_tabs=&#8221;all&#8221;] [\/et_pb_post_title][\/et_pb_column][\/et_pb_row][et_pb_row admin_label=&#8221;row&#8221; _builder_version=&#8221;3.25&#8243; background_size=&#8221;initial&#8221; background_position=&#8221;top_left&#8221; background_repeat=&#8221;repeat&#8221;][et_pb_column type=&#8221;4_4&#8243; _builder_version=&#8221;3.25&#8243; custom_padding=&#8221;|||&#8221; custom_padding__hover=&#8221;|||&#8221;][et_pb_text admin_label=&#8221;Text&#8221; _builder_version=&#8221;4.7.4&#8243; background_size=&#8221;initial&#8221; background_position=&#8221;top_left&#8221; background_repeat=&#8221;repeat&#8221; hover_enabled=&#8221;0&#8243; use_border_color=&#8221;off&#8221; border_color=&#8221;#ffffff&#8221; border_style=&#8221;solid&#8221; sticky_enabled=&#8221;0&#8243;]<\/p>\n<p>\u56de\u5230\u751f\u547d\u7684\u8d77\u6e90\u548c\u672c\u8d28\uff01 \u4eba\u6027&amp;\u7075\u6027\uff01<\/p>\n<p>\u5e0c\u6ce2\u514b\u62c9\u5e95-&#8220;\u54ea\u91cc\u6709\u533b\u5b66\u7684\u827a\u672f\uff0c\u54ea\u91cc\u5c31\u6709\u4eba\u6027\u4e4b\u7231&#8221;\u3002<\/p>\n<p>\u5361\u8428\u5e03\u5170\u5361\uff08\u6469\u6d1b\u54e5\uff09\u2013 \u74e6\u8d6b\u862d\uff08\u963f\u5c14\u53ca\u5229\u4e9a\uff09\u2013 \u5df4\u9ece\uff08\u6cd5\u56fd\uff09\u2013 \u53f0\u5317\uff08\u53f0\u6e7e\uff09\u2013 \u4e0a\u6d77\uff08\u4e2d\u56fd\uff09<\/p>\n<p>Kamel Benaissa\u533b\u751f\uff0c\u4e16\u754c\u516c\u6c11\uff0c\u51fa\u751f\u4e8e\u6469\u6d1b\u54e5\u5361\u8428\u5e03\u5170\u5361\uff0c\u5728\u963f\u5c14\u53ca\u5229\u4e9a\u5965\u5170\u548c\u6cd5\u56fd\u5df4\u9ece\u6210\u957f\u5e76\u63a5\u53d7\u6559\u80b2\uff0c\u5728\u53f0\u5317\u751f\u6d3b\u548c\u79c1\u4eba\u6267\u4e1a\uff0c\u4e5f\u5728\u4e0a\u6d77\u5de5\u4f5c\u3002<\/p>\n<p>1986\u5e74\uff0c\u4f5c\u4e3a\u7259\u79d1\u533b\u751f\u6bd5\u4e1a\u540e\u6211\u62ff\u5230\u4e86\u7259\u79d1\u533b\u751f\u6587\u51ed\uff08DDS\uff09\uff0c\u5e76\u4f5c\u4e3a\u5168\u79d1\u533b\u751f\u5de5\u4f5c\u4e864\u5e74\u3002 \u7136\u540e\u5728\u6cd5\u56fd\u5df4\u9ece\uff0c\u6211\u5728\u4e0d\u540c\u7684\u533b\u9662\u5f00\u59cb\u4e86\u4e3a\u65f65\u5e74\u7684\u529f\u80fd\u6027\u7259\u9f7f\u77eb\u6b63\u7684\u57f9\u8bad\u3002 \u6211\u6240\u6709\u7684\u7814\u7a76\u3001\u57f9\u8bad\u548c\u5b66\u4e60\u90fd\u662f\u5173\u4e8e\u7259\u9762\u988c\u6574\u5f62\u3001\u513f\u79d1\u548c\u529f\u80fd\u6027\u7259\u9f7f\u77eb\u6b63\u3002<\/p>\n<p>\u5728Deffez\u6559\u6388\u7684\u6307\u5bfc\u4e0b\uff0c\u6211\u5728Robert Debre\u533b\u9662\u7ee7\u7eed\u8fdb\u884c\u513f\u79d1\u53e3\u8154\u533b\u5b66\u7684\u7814\u7a76\u3002<br \/>\n\u6211\u5728\u76ae\u57c3\u5c14\u548c\u739b\u4e3d\u5c45\u91cc\u5927\u5b66\u83b7\u5f97\u4e86\u6587\u51ed\uff0c\u5728La Piti\u00e9 Salp\u00eatri\u00e8re\u533b\u9662Deneuville\u6559\u6388\u7684\u6307\u5bfc\u4e0b\uff0c\u6211\u5b66\u4e60\u4e86\u7259\u9762\u9aa8\u988c\u6574\u5f62\u548c\u529f\u80fd\u6027\u7259\u9f7f\u77eb\u6b63\u672f\u3002<br \/>\n\u6211\u5728\u4e9a\u6d32\u3001\u53f0\u6e7e\u548c\u4e2d\u56fd\u5927\u9646\u5de5\u4f5c\u4e8620\u591a\u5e74\u3002<\/p>\n<p>\u53f0\u6e7e-\u53f0\u5317 OGH\u5065\u5eb7\u4e2d\u5fc3\u521b\u59cb\u4eba\u53ca\u7ecf\u7406\u3002<\/p>\n<p>\u6211\u4e5f\u5b66\u4e86\u6c14\u529f\u3001\u9634&amp;\u9633&#8230;&#8230;<\/p>\n<p>\u4ece\u6c14\u529f\u4e0a\u6765\u8bb2\uff0c\u6211\u4eec\u5e94\u8be5\u901a\u8fc7\u9f3b\u5b50\u547c\u5438\uff0c\u820c\u5934\u62b5\u7740\u4e0a\u989a\uff0c\u5634\u5507\u7d27\u95ed\uff0c\u8fd9\u6837\u4f60\u5c31\u53ef\u4ee5\u7528\u9f3b\u5b50\u547c\u5438\u4e86\u3002 \u8fd9\u4e00\u6982\u5ff5\u4e0e\u529f\u80fd\u6027\u6b63\u7578\u6709\u76f4\u63a5\u8054\u7cfb\u3002<br \/>\n\u5728\u5df4\u9ece\u8fdb\u884c\u76845\u5e74\u8bad\u7ec3\u4e2d\uff0c\u6211\u4e3b\u8981\u5b66\u4e60\u4e86\u5480\u56bc\u3001\u547c\u5438\u548c\u541e\u54bd\u7684\u529f\u80fd\uff0c\u4ee5\u53ca\u53ef\u62c6\u5378\u7684\u513f\u79d1\u77eb\u6b63\u88c5\u7f6e\u7684\u6982\u5ff5\u3002<br \/>\n\u513f\u7ae5\u529f\u80fd\u77eb\u6b63\u5b66\u4e4b\u7236\u662f\u6cd5\u56fd\u4eba\u76ae\u57c3\u5c14\u00b7\u7f57\u5bbe\uff081928\uff09\u3002<\/p>\n<p>\u6211\u7684\u6700\u540e\u4e00\u7bc7\u7855\u58eb\u8bba\u6587\u662f1994\u5e74\u53d1\u8868\u7684\u513f\u79d1\u529f\u80fd\u77eb\u6b63\u5b66\u3002<\/p>\n<p style=\"text-align: center;\"><em>\u5df4\u9ece\u79d1\u5b66\u9662<\/em><br \/>\n<em>\u5df4\u9ece\u7b2c\u516d\u5927\u5b66<\/em><br \/>\n<em>\u53e3\u8154\u79d1\u7814\u7a76\u6240-\u6574\u5f62\u5916\u79d1\u548c\u988c\u9762\u5916\u79d1\u5b66La Piti\u00e9-Salp\u00eatri\u00e8re\u533b\u9662<\/em><br \/>\n<em>\u6700\u540e\u4e00\u7bc7\u8bba\u6587<\/em><br \/>\n<em>\u513f\u79d1\u6b63\u7578\u7684\u5927\u5b66\u6587\u51ed<\/em><br \/>\n<em>\u4e3b\u9898 : \u7259\u988c\u9762\u9aa8\u6574\u5f62\u7684\u622a\u65ad\u672f<\/em><br \/>\n<em>K. Maamar Benaissa\u4e8e1994\u5e746\u670813\u65e5<\/em><br \/>\n<em>Deneville\u5fb7\u52aa\u7ef4\u5c14\u6559\u6388\u662fo.d.m.f\uff08Ortho Dental Maxillo Facial\uff09 \u7684\u8d1f\u8d23\u4eba\u3002<\/em><\/p>\n<p>\u56e0\u6b64\u6211\u4eec\u5e94\u8be5\u52a0\u4ee5\u533a\u5206\uff1a<br \/>\n1. \u7259\u9f7f\u6b63\u7578\u5b66<br \/>\n2. \u7259\u988c\u9762\u9aa8\u6574\u5f62[\/et_pb_text][et_pb_image src=&#8221;https:\/\/www.orthoglobalhealth.com\/zh\/wp-content\/uploads\/2015\/09\/thesis-kb.jpg&#8221; alt=&#8221;The interception in dental-orthopaedic maxillofacial by Kamel Benaissa&#8221; align=&#8221;center&#8221; align_tablet=&#8221;center&#8221; align_phone=&#8221;&#8221; align_last_edited=&#8221;on|desktop&#8221; admin_label=&#8221;scan de la th\u00e8se&#8221; _builder_version=&#8221;3.23&#8243; use_border_color=&#8221;off&#8221; border_color=&#8221;#ffffff&#8221; border_style=&#8221;solid&#8221; animation=&#8221;off&#8221; sticky=&#8221;off&#8221; always_center_on_mobile=&#8221;on&#8221;] [\/et_pb_image][\/et_pb_column][\/et_pb_row][\/et_pb_section]<\/p>\n","protected":false},"excerpt":{"rendered":"<p>\u56de\u5230\u751f\u547d\u7684\u8d77\u6e90\u548c\u672c\u8d28\uff01 \u4eba\u6027&amp;\u7075\u6027\uff01 \u5e0c\u6ce2\u514b\u62c9\u5e95-&#8220;\u54ea\u91cc\u6709\u533b\u5b66\u7684\u827a\u672f\uff0c\u54ea\u91cc\u5c31\u6709\u4eba\u6027\u4e4b\u7231&#8221;\u3002 \u5361\u8428\u5e03\u5170\u5361 [&hellip;]<\/p>\n","protected":false},"author":1,"featured_media":0,"parent":0,"menu_order":0,"comment_status":"closed","ping_status":"closed","template":"","meta":{"_et_pb_use_builder":"on","_et_pb_old_content":"","_et_gb_content_width":"","footnotes":""},"class_list":["post-77","page","type-page","status-publish","hentry"],"yoast_head":"<!-- This site is optimized with the Yoast SEO plugin v25.6 - https:\/\/yoast.com\/wordpress\/plugins\/seo\/ -->\n<title>\u54c1\u724c\u6545\u4e8b - Ortho Global Health<\/title>\n<meta name=\"robots\" content=\"index, follow, max-snippet:-1, max-image-preview:large, max-video-preview:-1\" \/>\n<link rel=\"canonical\" href=\"https:\/\/www.orthoglobalhealth.com\/zh\/\u54c1\u724c\u6545\u4e8b\/\" \/>\n<meta property=\"og:locale\" content=\"zh_TW\" \/>\n<meta property=\"og:type\" content=\"article\" \/>\n<meta property=\"og:title\" content=\"\u54c1\u724c\u6545\u4e8b - Ortho Global Health\" \/>\n<meta property=\"og:description\" content=\"\u56de\u5230\u751f\u547d\u7684\u8d77\u6e90\u548c\u672c\u8d28\uff01 \u4eba\u6027&amp;\u7075\u6027\uff01 \u5e0c\u6ce2\u514b\u62c9\u5e95-&quot;\u54ea\u91cc\u6709\u533b\u5b66\u7684\u827a\u672f\uff0c\u54ea\u91cc\u5c31\u6709\u4eba\u6027\u4e4b\u7231&quot;\u3002 \u5361\u8428\u5e03\u5170\u5361 [&hellip;]\" \/>\n<meta property=\"og:url\" content=\"https:\/\/www.orthoglobalhealth.com\/zh\/\u54c1\u724c\u6545\u4e8b\/\" \/>\n<meta property=\"og:site_name\" content=\"Ortho Global Health\" \/>\n<meta property=\"article:modified_time\" content=\"2020-12-15T03:21:05+00:00\" \/>\n<meta name=\"twitter:card\" content=\"summary_large_image\" \/>\n<meta name=\"twitter:label1\" content=\"\u9810\u4f30\u95b1\u8b80\u6642\u9593\" \/>\n\t<meta name=\"twitter:data1\" content=\"1 \u5206\u9418\" \/>\n<script type=\"application\/ld+json\" class=\"yoast-schema-graph\">{\"@context\":\"https:\/\/schema.org\",\"@graph\":[{\"@type\":\"WebPage\",\"@id\":\"https:\/\/www.orthoglobalhealth.com\/zh\/%e5%93%81%e7%89%8c%e6%95%85%e4%ba%8b\/\",\"url\":\"https:\/\/www.orthoglobalhealth.com\/zh\/%e5%93%81%e7%89%8c%e6%95%85%e4%ba%8b\/\",\"name\":\"\u54c1\u724c\u6545\u4e8b - Ortho Global Health\",\"isPartOf\":{\"@id\":\"https:\/\/www.orthoglobalhealth.com\/zh\/#website\"},\"datePublished\":\"2015-09-16T06:59:54+00:00\",\"dateModified\":\"2020-12-15T03:21:05+00:00\",\"breadcrumb\":{\"@id\":\"https:\/\/www.orthoglobalhealth.com\/zh\/%e5%93%81%e7%89%8c%e6%95%85%e4%ba%8b\/#breadcrumb\"},\"inLanguage\":\"zh-TW\",\"potentialAction\":[{\"@type\":\"ReadAction\",\"target\":[\"https:\/\/www.orthoglobalhealth.com\/zh\/%e5%93%81%e7%89%8c%e6%95%85%e4%ba%8b\/\"]}]},{\"@type\":\"BreadcrumbList\",\"@id\":\"https:\/\/www.orthoglobalhealth.com\/zh\/%e5%93%81%e7%89%8c%e6%95%85%e4%ba%8b\/#breadcrumb\",\"itemListElement\":[{\"@type\":\"ListItem\",\"position\":1,\"name\":\"Home\",\"item\":\"https:\/\/www.orthoglobalhealth.com\/zh\/\"},{\"@type\":\"ListItem\",\"position\":2,\"name\":\"\u54c1\u724c\u6545\u4e8b\"}]},{\"@type\":\"WebSite\",\"@id\":\"https:\/\/www.orthoglobalhealth.com\/zh\/#website\",\"url\":\"https:\/\/www.orthoglobalhealth.com\/zh\/\",\"name\":\"Ortho Global Health\",\"description\":\"\",\"potentialAction\":[{\"@type\":\"SearchAction\",\"target\":{\"@type\":\"EntryPoint\",\"urlTemplate\":\"https:\/\/www.orthoglobalhealth.com\/zh\/?s={search_term_string}\"},\"query-input\":{\"@type\":\"PropertyValueSpecification\",\"valueRequired\":true,\"valueName\":\"search_term_string\"}}],\"inLanguage\":\"zh-TW\"}]}<\/script>\n<!-- \/ Yoast SEO plugin. -->","yoast_head_json":{"title":"\u54c1\u724c\u6545\u4e8b - Ortho Global Health","robots":{"index":"index","follow":"follow","max-snippet":"max-snippet:-1","max-image-preview":"max-image-preview:large","max-video-preview":"max-video-preview:-1"},"canonical":"https:\/\/www.orthoglobalhealth.com\/zh\/\u54c1\u724c\u6545\u4e8b\/","og_locale":"zh_TW","og_type":"article","og_title":"\u54c1\u724c\u6545\u4e8b - Ortho Global Health","og_description":"\u56de\u5230\u751f\u547d\u7684\u8d77\u6e90\u548c\u672c\u8d28\uff01 \u4eba\u6027&amp;\u7075\u6027\uff01 \u5e0c\u6ce2\u514b\u62c9\u5e95-\"\u54ea\u91cc\u6709\u533b\u5b66\u7684\u827a\u672f\uff0c\u54ea\u91cc\u5c31\u6709\u4eba\u6027\u4e4b\u7231\"\u3002 \u5361\u8428\u5e03\u5170\u5361 [&hellip;]","og_url":"https:\/\/www.orthoglobalhealth.com\/zh\/\u54c1\u724c\u6545\u4e8b\/","og_site_name":"Ortho Global Health","article_modified_time":"2020-12-15T03:21:05+00:00","twitter_card":"summary_large_image","twitter_misc":{"\u9810\u4f30\u95b1\u8b80\u6642\u9593":"1 \u5206\u9418"},"schema":{"@context":"https:\/\/schema.org","@graph":[{"@type":"WebPage","@id":"https:\/\/www.orthoglobalhealth.com\/zh\/%e5%93%81%e7%89%8c%e6%95%85%e4%ba%8b\/","url":"https:\/\/www.orthoglobalhealth.com\/zh\/%e5%93%81%e7%89%8c%e6%95%85%e4%ba%8b\/","name":"\u54c1\u724c\u6545\u4e8b - Ortho Global Health","isPartOf":{"@id":"https:\/\/www.orthoglobalhealth.com\/zh\/#website"},"datePublished":"2015-09-16T06:59:54+00:00","dateModified":"2020-12-15T03:21:05+00:00","breadcrumb":{"@id":"https:\/\/www.orthoglobalhealth.com\/zh\/%e5%93%81%e7%89%8c%e6%95%85%e4%ba%8b\/#breadcrumb"},"inLanguage":"zh-TW","potentialAction":[{"@type":"ReadAction","target":["https:\/\/www.orthoglobalhealth.com\/zh\/%e5%93%81%e7%89%8c%e6%95%85%e4%ba%8b\/"]}]},{"@type":"BreadcrumbList","@id":"https:\/\/www.orthoglobalhealth.com\/zh\/%e5%93%81%e7%89%8c%e6%95%85%e4%ba%8b\/#breadcrumb","itemListElement":[{"@type":"ListItem","position":1,"name":"Home","item":"https:\/\/www.orthoglobalhealth.com\/zh\/"},{"@type":"ListItem","position":2,"name":"\u54c1\u724c\u6545\u4e8b"}]},{"@type":"WebSite","@id":"https:\/\/www.orthoglobalhealth.com\/zh\/#website","url":"https:\/\/www.orthoglobalhealth.com\/zh\/","name":"Ortho Global Health","description":"","potentialAction":[{"@type":"SearchAction","target":{"@type":"EntryPoint","urlTemplate":"https:\/\/www.orthoglobalhealth.com\/zh\/?s={search_term_string}"},"query-input":{"@type":"PropertyValueSpecification","valueRequired":true,"valueName":"search_term_string"}}],"inLanguage":"zh-TW"}]}},"jetpack_sharing_enabled":true,"_links":{"self":[{"href":"https:\/\/www.orthoglobalhealth.com\/zh\/wp-json\/wp\/v2\/pages\/77"}],"collection":[{"href":"https:\/\/www.orthoglobalhealth.com\/zh\/wp-json\/wp\/v2\/pages"}],"about":[{"href":"https:\/\/www.orthoglobalhealth.com\/zh\/wp-json\/wp\/v2\/types\/page"}],"author":[{"embeddable":true,"href":"https:\/\/www.orthoglobalhealth.com\/zh\/wp-json\/wp\/v2\/users\/1"}],"replies":[{"embeddable":true,"href":"https:\/\/www.orthoglobalhealth.com\/zh\/wp-json\/wp\/v2\/comments?post=77"}],"version-history":[{"count":25,"href":"https:\/\/www.orthoglobalhealth.com\/zh\/wp-json\/wp\/v2\/pages\/77\/revisions"}],"predecessor-version":[{"id":814,"href":"https:\/\/www.orthoglobalhealth.com\/zh\/wp-json\/wp\/v2\/pages\/77\/revisions\/814"}],"wp:attachment":[{"href":"https:\/\/www.orthoglobalhealth.com\/zh\/wp-json\/wp\/v2\/media?parent=77"}],"curies":[{"name":"wp","href":"https:\/\/api.w.org\/{rel}","templated":true}]}}