{"id":85,"date":"2015-09-16T15:47:20","date_gmt":"2015-09-16T07:47:20","guid":{"rendered":"https:\/\/www.orthoglobalhealth.com\/zh\/?page_id=85"},"modified":"2020-12-15T11:33:04","modified_gmt":"2020-12-15T03:33:04","slug":"%e5%8a%9f%e8%83%bd%e6%80%a7%e7%9a%84","status":"publish","type":"page","link":"https:\/\/www.orthoglobalhealth.com\/zh\/%e5%8a%9f%e8%83%bd%e6%80%a7%e7%9a%84\/","title":{"rendered":"\u529f\u80fd\u6027\u7684"},"content":{"rendered":"<p>[et_pb_section fb_built=&#8221;1&#8243; admin_label=&#8221;section&#8221; _builder_version=&#8221;3.22&#8243;][et_pb_row admin_label=&#8221;Row&#8221; _builder_version=&#8221;3.25&#8243; background_size=&#8221;initial&#8221; background_position=&#8221;top_left&#8221; background_repeat=&#8221;repeat&#8221;][et_pb_column type=&#8221;4_4&#8243; _builder_version=&#8221;3.25&#8243; custom_padding=&#8221;|||&#8221; custom_padding__hover=&#8221;|||&#8221;][et_pb_post_title meta=&#8221;off&#8221; featured_image=&#8221;off&#8221; admin_label=&#8221;Post Title&#8221; _builder_version=&#8221;3.0.87&#8243; title_all_caps=&#8221;off&#8221; background_color=&#8221;rgba(255,255,255,0)&#8221; parallax=&#8221;on&#8221; parallax_method=&#8221;off&#8221; parallax_effect=&#8221;on&#8221; module_bg_color=&#8221;rgba(255,255,255,0)&#8221; use_border_color=&#8221;off&#8221; border_color=&#8221;#ffffff&#8221; border_style=&#8221;solid&#8221; saved_tabs=&#8221;all&#8221;] [\/et_pb_post_title][\/et_pb_column][\/et_pb_row][et_pb_row admin_label=&#8221;row&#8221; _builder_version=&#8221;3.25&#8243; background_size=&#8221;initial&#8221; background_position=&#8221;top_left&#8221; background_repeat=&#8221;repeat&#8221;][et_pb_column type=&#8221;4_4&#8243; _builder_version=&#8221;3.25&#8243; custom_padding=&#8221;|||&#8221; custom_padding__hover=&#8221;|||&#8221;][et_pb_text admin_label=&#8221;Paragraphe 1&#8243; _builder_version=&#8221;4.7.4&#8243; background_size=&#8221;initial&#8221; background_position=&#8221;top_left&#8221; background_repeat=&#8221;repeat&#8221; hover_enabled=&#8221;0&#8243; use_border_color=&#8221;off&#8221; border_color=&#8221;#ffffff&#8221; border_style=&#8221;solid&#8221; sticky_enabled=&#8221;0&#8243;]<\/p>\n<p>\u529f\u80fd\u5b66\u5bb6\uff08\u7259\u988c\u9762\u77eb\u5f62\uff09\uff1a\u529f\u80fd\u4ea7\u751f\u5f62\u6001\u6784\u9020\u3002 \u6211\u4eec\u5fc5\u987b\u5229\u7528\u73b0\u6709\u7684\u81ea\u7136\u529b\u91cf\u6765\u6539\u53d8\u9020\u6210\u5dee\u5f02\u7684\u529f\u80fd\u73af\u5883\uff08\u9762\u90e8\u808c\u8089\u7ec4\u7ec7\u3001\u7259\u9f7f\u840c\u51fa\u529b\u3001\u751f\u957f\u73b0\u8c61\uff09\u4f7f\u5176\u6162\u6162\u8fbe\u5230\u548c\u8c10\u3002<\/p>\n<p>\u5728\u6cd5\u56fd\u5df4\u9eceLa Piti\u00e9 Salp\u00eatri\u00e8re\u53e3\u8154\u533b\u5b66\u9662\u4e0e\u9762\u988c\u5916\u79d1\u7814\u7a76\u6240\u653b\u8bfb\u7814\u7a76\u751f\u671f\u95f4\uff0c\u6211\u4e00\u76f4\u8bb0\u5f97\u90a3\u4e24\u4e2a\u661f\u671f\u7684\u4e0b\u5348\uff0c\u6211\u4eec\u7684\u6b63\u7578\u79d1\u4e3b\u4efbDeneuville\u6559\u6388\u548c\u4ed6\u7684\u52a9\u7406\u533b\u751f\uff0c\u5728\u60a3\u513f\u4ee5\u53ca\u7236\u6bcd\u53cc\u65b9\u5728\u573a\u65f6\u4ecb\u7ecd\u4e86\u5c0f\u513f\u6b63\u7578\u75c5\u4f8b\u3002 \u8fd9\u662f\u4e00\u4e2a\u975e\u5e38\u91cd\u8981\u7684\u65f6\u523b\uff0c\u9700\u8981\u8fdb\u884c\u4ecb\u7ecd\uff0c\u4e34\u5e8a\u68c0\u67e5\uff0c\u529f\u80fd\u8bc4\u4f30\uff0c\u9762\u988c\u808c\u8089\u548c\u53e3\u8154\u8bc4\u4f30\uff0c\u7136\u540e\uff0c\u8bca\u65ad\u5206\u4e3a\u4e09\u4e2a\u90e8\u5206\u8fdb\u884c\uff0c\u76f4\u5230\u73b0\u5728\u6211\u4ecd\u7136\u8981\u505a\uff1a<br \/>\n\u988c\u9aa8\uff08\u9aa8\u9abc\uff09\uff0c\u9f7f\u69fd\u548c\u7259\u9f7f\u3002 \u529f\u80fd\u7684\u8bc4\u4f30\uff0c\u541e\u54bd\u548c\u53d1\u97f3\u547c\u5438\u5bf9\u6211\u6765\u8bf4\u90fd\u5f88\u91cd\u8981\u3002 \u6211\u4eec\u7684\u6559\u6388\u575a\u6301\u8981\u505a\u597d\u4e34\u5e8a\u89c2\u5bdf;\u89c2\u5bdf\u4ea7\u751f\u8bca\u65ad\uff0c\u8bca\u65ad\u4ea7\u751f\u6cbb\u7597\u8ba1\u5212\u3002 \u529f\u80fd\u6027\u7684\uff0c\u808c\u8089\u4ee5\u53ca\u89c2\u5bdf\u513f\u7ae5\u7684\u6574\u4e2a\u8eab\u4f53\u3002<\/p>\n<p>\u6211\u4eec\u7684\u6559\u6388\u8fc7\u53bb\u66fe\u544a\u8bc9\u6211\u4eec\uff1a\u4e0d\u8981\u8003\u8651\u88c5\u7f6e\uff08\u6216\u8bbe\u5907\uff09\uff0c\u6280\u672f\u6216\u65b9\u6cd5\u3002 \u597d\u65b9\u6cd5\u5e94\u8be5\u662f\u5bf9\u513f\u7ae5\u8fdb\u884c\u9ad8\u8d28\u91cf\u548c\u4e25\u8c28\u7684\u4e34\u5e8a\u89c2\u5bdf\uff0c\u901a\u8fc7\u8fd9\u79cd\u65b9\u6cd5\u53ef\u4ee5\u5f97\u5230\u597d\u7684\u6cbb\u7597\u7ed3\u679c\u3002<\/p>\n<p>\u76f4\u5230\u73b0\u5728\uff0c\u6211\u4ecd\u5728\u4f7f\u7528\u4e00\u4e9b\u820c\u5934\u529f\u80fd\u8bad\u7ec3\uff0c\u7ecf\u8fc7\u8fd9\u56db\u5e74\u7684\u5b9e\u4e60\u6211\u7684\u4e34\u5e8a\u7ecf\u9a8c\u63d0\u5347\u4e86\u8bb8\u591a\u3002<\/p>\n<p>\u6211\u7684\u6559\u6388Odette Deneuville\u66fe\u8bf4\u8fc7\u6cbb\u7597\u5f88\u7b80\u5355\uff0c\u4e00\u65e6\u4f60\u7406\u89e3\u4e86&#8221;\u4e3a\u4ec0\u4e48\u4f1a\u53d1\u751f\u8fd9\u4ef6\u4e8b&#8221;\uff0c\u4e5f\u5c31\u662f\u95ee\u9898\u7684\u539f\u56e0\uff0c\u90a3\u4e48\u4f60\u5c31\u80fd\u6cbb\u7597\u75c5\u56e0\u548c\u75c7\u72b6\uff0c\u4f60\u53ef\u4ee5\u53d1\u660e\u6b63\u7578\u8bbe\u5907\uff0c\u521b\u9020\u5b83\uff0c\u51b3\u5b9a\u9009\u62e9\u54ea\u79cd\u6b63\u7578\u8bbe\u5907\uff0c\u6211\u4eec\u60f3\u8981\u91c7\u53d6\u4ec0\u4e48\u6cbb\u7597\u63aa\u65bd&#8230;&#8230;[\/et_pb_text][\/et_pb_column][\/et_pb_row][et_pb_row column_structure=&#8221;1_3,2_3&#8243; admin_label=&#8221;Row&#8221; _builder_version=&#8221;3.25&#8243; background_size=&#8221;initial&#8221; background_position=&#8221;top_left&#8221; background_repeat=&#8221;repeat&#8221;][et_pb_column type=&#8221;1_3&#8243; _builder_version=&#8221;3.25&#8243; custom_padding=&#8221;|||&#8221; custom_padding__hover=&#8221;|||&#8221;][et_pb_image src=&#8221;https:\/\/www.orthoglobalhealth.com\/zh\/wp-content\/uploads\/2015\/09\/maryvonne_fournier.jpg&#8221; alt=&#8221;Mrs. Maryvonne Fournier with her book R\u00e9\u00e9ducation des fonctions dans la th\u00e9rapeutique orthodontique&#8221; show_bottom_space=&#8221;off&#8221; align_tablet=&#8221;center&#8221; align_phone=&#8221;&#8221; align_last_edited=&#8221;on|desktop&#8221; admin_label=&#8221;Image&#8221; _builder_version=&#8221;4.7.4&#8243; use_border_color=&#8221;off&#8221; border_color=&#8221;#ffffff&#8221; border_style=&#8221;solid&#8221; animation=&#8221;off&#8221; sticky=&#8221;on&#8221; always_center_on_mobile=&#8221;on&#8221;] [\/et_pb_image][et_pb_text admin_label=&#8221;Text&#8221; module_class=&#8221;photo_caption&#8221; _builder_version=&#8221;4.7.4&#8243; background_size=&#8221;initial&#8221; background_position=&#8221;top_left&#8221; background_repeat=&#8221;repeat&#8221; use_border_color=&#8221;off&#8221; border_color=&#8221;#ffffff&#8221; border_style=&#8221;solid&#8221;]Maryvonne Fournier\u5973\u58eb\u548c\u5979\u7684\u8457\u4f5c\u300a\u6b63\u7578\u6cbb\u7597\u7684\u529f\u80fd\u5eb7\u590d\u300b[\/et_pb_text][\/et_pb_column][et_pb_column type=&#8221;2_3&#8243; _builder_version=&#8221;3.25&#8243; custom_padding=&#8221;|||&#8221; custom_padding__hover=&#8221;|||&#8221;][et_pb_text admin_label=&#8221;Paragraphe 2&#8243; _builder_version=&#8221;4.7.4&#8243; background_size=&#8221;initial&#8221; background_position=&#8221;top_left&#8221; background_repeat=&#8221;repeat&#8221; use_border_color=&#8221;off&#8221; border_color=&#8221;#ffffff&#8221; border_style=&#8221;solid&#8221;]<\/p>\n<p>\u6211\u60f3\u63d0\u4e00\u4e9b\u53d1\u751f\u57282014\u5e7412\u6708\u7684\u5173\u4e8e\u7269\u7406\u7597\u6cd5\u7684\u4e8b\u60c5\u5728\u5df4\u9ece\u3002 \u6211\u53c2\u52a0\u4e86\u4e24\u5929\u7684\u8bfe\uff0c\u5176\u4e2d\u5305\u62ecMarion GIRARD\u592b\u4eba\u7684\u9762\u988c\u90e8\u529f\u80fd\u5eb7\u590d\uff0c\u8fd8\u6709\u4e00\u5929\u5728\u6cd5\u56fd\u548c\u610f\u5927\u5229\u7684\u8bed\u8a00\u7269\u7406\u7597\u6cd5\u7684\u53d1\u8d77\u8005Maryvonne Fournier\u7684\u8bca\u6240\u8fdb\u884c\u57f9\u8bad\u3002 \u6211\u8bf7\u6559\u4e86Maryvonne Fournier\u5973\u58eb\u5e76\u5b66\u5230\u4e86\u5f88\u591a\u4e1c\u897f\u3002<\/p>\n<p>\u6211\u7684\u5b9e\u4e60\u662f\u4e0eMarion GIRARD\u5973\u58eb\u4e00\u8d77\u5b8c\u6210\u7684\uff0c\u5979\u662f\u4e00\u540d\u5df4\u9ece\u7684\u7406\u7597\u6309\u6469\u5e08\uff0c\u4ece2007\u5e74\u5f00\u59cb\u4e13\u95e8\u4ece\u4e8b\u9762\u988c\u90e8\u5eb7\u590d\uff08\u798f\u6d85\u5c14\u6cd5\uff09\u3002 \u5979\u662fMaryvonne Fournier\u7684\u7ee7\u4efb\u8005\uff0c\u4e5f\u662f\u56fd\u9645\u8bed\u8a00\u7269\u7406\u6cbb\u7597\u534f\u4f1a\u534f\u4f1a\u4f1a\u957f\uff0c\u6211\u4e5f\u57282015\u5e746\u6708\u52a0\u5165\u4e86\u8be5\u534f\u4f1a\u3002<\/p>\n<p>[\/et_pb_text][\/et_pb_column][\/et_pb_row][et_pb_row column_structure=&#8221;1_2,1_2&#8243; admin_label=&#8221;Row&#8221; _builder_version=&#8221;3.25&#8243; background_size=&#8221;initial&#8221; background_position=&#8221;top_left&#8221; background_repeat=&#8221;repeat&#8221;][et_pb_column type=&#8221;1_2&#8243; _builder_version=&#8221;3.25&#8243; custom_padding=&#8221;|||&#8221; custom_padding__hover=&#8221;|||&#8221;][et_pb_image src=&#8221;https:\/\/www.orthoglobalhealth.com\/zh\/wp-content\/uploads\/2015\/09\/dr_benaissa_m_fournier.jpg&#8221; alt=&#8221;Mrs. Maryvonne Fournier with Dr. Benaissa as Dr. OGH&#8221; show_bottom_space=&#8221;off&#8221; align_tablet=&#8221;center&#8221; align_phone=&#8221;&#8221; align_last_edited=&#8221;on|desktop&#8221; admin_label=&#8221;Image&#8221; _builder_version=&#8221;4.7.4&#8243; use_border_color=&#8221;off&#8221; border_color=&#8221;#ffffff&#8221; border_style=&#8221;solid&#8221; animation=&#8221;off&#8221; sticky=&#8221;on&#8221; always_center_on_mobile=&#8221;on&#8221;] [\/et_pb_image][et_pb_text admin_label=&#8221;Text&#8221; module_class=&#8221;photo_caption&#8221; _builder_version=&#8221;4.7.4&#8243; background_size=&#8221;initial&#8221; background_position=&#8221;top_left&#8221; background_repeat=&#8221;repeat&#8221; use_border_color=&#8221;off&#8221; border_color=&#8221;#ffffff&#8221; border_style=&#8221;solid&#8221;]Maryvonne Fournier\u5973\u58eb\u548c\u4f5c\u4e3aDr OGH\u7684Benaissa\u533b\u751f[\/et_pb_text][\/et_pb_column][et_pb_column type=&#8221;1_2&#8243; _builder_version=&#8221;3.25&#8243; custom_padding=&#8221;|||&#8221; custom_padding__hover=&#8221;|||&#8221;][et_pb_image src=&#8221;https:\/\/www.orthoglobalhealth.com\/zh\/wp-content\/uploads\/2015\/09\/m_girard_dr_benaissa.jpg&#8221; alt=&#8221;Mrs. Marion Girard with Dr. Benaissa as Dr. OGH&#8221; show_bottom_space=&#8221;off&#8221; align_tablet=&#8221;center&#8221; align_phone=&#8221;&#8221; align_last_edited=&#8221;on|desktop&#8221; admin_label=&#8221;Image&#8221; _builder_version=&#8221;4.7.4&#8243; use_border_color=&#8221;off&#8221; border_color=&#8221;#ffffff&#8221; border_style=&#8221;solid&#8221; animation=&#8221;off&#8221; sticky=&#8221;on&#8221; always_center_on_mobile=&#8221;on&#8221;] [\/et_pb_image][et_pb_text admin_label=&#8221;Text&#8221; module_class=&#8221;photo_caption&#8221; _builder_version=&#8221;4.7.4&#8243; background_size=&#8221;initial&#8221; background_position=&#8221;top_left&#8221; background_repeat=&#8221;repeat&#8221; use_border_color=&#8221;off&#8221; border_color=&#8221;#ffffff&#8221; border_style=&#8221;solid&#8221;]Marion Girard \u5973\u58eb\u548c\u4f5c\u4e3aDr OGH\u7684Benaissa\u533b\u751f[\/et_pb_text][\/et_pb_column][\/et_pb_row][et_pb_row admin_label=&#8221;Row&#8221; _builder_version=&#8221;3.25&#8243; background_size=&#8221;initial&#8221; background_position=&#8221;top_left&#8221; background_repeat=&#8221;repeat&#8221;][et_pb_column type=&#8221;4_4&#8243; _builder_version=&#8221;3.25&#8243; custom_padding=&#8221;|||&#8221; custom_padding__hover=&#8221;|||&#8221;][et_pb_text admin_label=&#8221;Paragraphe 3&#8243; _builder_version=&#8221;4.7.4&#8243; background_size=&#8221;initial&#8221; background_position=&#8221;top_left&#8221; background_repeat=&#8221;repeat&#8221; use_border_color=&#8221;off&#8221; border_color=&#8221;#ffffff&#8221; border_style=&#8221;solid&#8221;]<\/p>\n<p>OGH \u513f\u79d1\u4e2d\u5fc3\u4e3b\u8981\u6cbb\u7597\u513f\u7ae5\u75c5\u4eba\u4ee5\u53ca\u9752\u5c11\u5e74\uff0c\u6210\u4eba\u53ca\u5bb6\u5ead\uff0c\u4ece3\u5c81\u523099\u5c81\u4ee5\u4e0a\uff01<\/p>\n<p>\u8c03\u6574\u7259\u9f7f<br \/>\u2028\u53e3\u547c\u5438\u78e8\u7259\u75c7<br \/>\u2028\u78e8\u7259\u75c7<br \/>\u7761\u7720\u547c\u5438\u4e2d\u6b62\u75c7<br \/>\u8fc7\u52a8\u513f<br \/>\u2028\u590d\u53d1\u7684\u7259\u5957\u75c5\u4eba<br \/>T.M.J \u969c\u788d<\/p>\n<p>\u6539\u53d8\u73af\u5883\uff0c\u901a\u8fc7\u6539\u53d8\u548c\u4fee\u6539\u5176\u4f5c\u7528\u548c\u81ea\u7136\u73af\u5883\u4e2d\u7684\u529f\u80fd\uff0c\u4ece\u800c\u4f7f\u8be5\u75be\u75c5\u75ca\u6108\u3002<\/p>\n<p>\u529f\u80fd\u6027\u6b63\u7578\u533b\u5e08\u5fc5\u987b\u4e0e\u77eb\u5f62\u533b\u5e08\u3001\u6574\u9aa8\u533b\u5e08\u3001\u8033\u9f3b\u5589\u79d1\u3001\u513f\u79d1\u533b\u751f\u548c\u7269\u7406\u6cbb\u7597\u5e08\u5bc6\u5207\u5408\u4f5c\u3002 <\/p>\n<p>[\/et_pb_text][\/et_pb_column][\/et_pb_row][\/et_pb_section]<\/p>\n","protected":false},"excerpt":{"rendered":"<p>\u529f\u80fd\u5b66\u5bb6\uff08\u7259\u988c\u9762\u77eb\u5f62\uff09\uff1a\u529f\u80fd\u4ea7\u751f\u5f62\u6001\u6784\u9020\u3002 \u6211\u4eec\u5fc5\u987b\u5229\u7528\u73b0\u6709\u7684\u81ea\u7136\u529b\u91cf\u6765\u6539\u53d8\u9020\u6210\u5dee\u5f02\u7684\u529f\u80fd\u73af\u5883\uff08\u9762\u90e8\u808c\u8089\u7ec4\u7ec7\u3001 [&hellip;]<\/p>\n","protected":false},"author":1,"featured_media":0,"parent":0,"menu_order":0,"comment_status":"closed","ping_status":"closed","template":"","meta":{"_et_pb_use_builder":"on","_et_pb_old_content":"","_et_gb_content_width":"","footnotes":""},"class_list":["post-85","page","type-page","status-publish","hentry"],"yoast_head":"<!-- This site is optimized with the Yoast SEO plugin v25.6 - https:\/\/yoast.com\/wordpress\/plugins\/seo\/ -->\n<title>\u529f\u80fd\u6027\u7684 - Ortho Global Health<\/title>\n<meta name=\"robots\" content=\"index, follow, max-snippet:-1, max-image-preview:large, max-video-preview:-1\" \/>\n<link rel=\"canonical\" href=\"https:\/\/www.orthoglobalhealth.com\/zh\/\u529f\u80fd\u6027\u7684\/\" \/>\n<meta property=\"og:locale\" content=\"zh_TW\" \/>\n<meta property=\"og:type\" content=\"article\" \/>\n<meta property=\"og:title\" content=\"\u529f\u80fd\u6027\u7684 - Ortho Global Health\" \/>\n<meta property=\"og:description\" content=\"\u529f\u80fd\u5b66\u5bb6\uff08\u7259\u988c\u9762\u77eb\u5f62\uff09\uff1a\u529f\u80fd\u4ea7\u751f\u5f62\u6001\u6784\u9020\u3002 \u6211\u4eec\u5fc5\u987b\u5229\u7528\u73b0\u6709\u7684\u81ea\u7136\u529b\u91cf\u6765\u6539\u53d8\u9020\u6210\u5dee\u5f02\u7684\u529f\u80fd\u73af\u5883\uff08\u9762\u90e8\u808c\u8089\u7ec4\u7ec7\u3001 [&hellip;]\" \/>\n<meta property=\"og:url\" content=\"https:\/\/www.orthoglobalhealth.com\/zh\/\u529f\u80fd\u6027\u7684\/\" \/>\n<meta property=\"og:site_name\" content=\"Ortho Global Health\" \/>\n<meta property=\"article:modified_time\" content=\"2020-12-15T03:33:04+00:00\" \/>\n<meta name=\"twitter:card\" content=\"summary_large_image\" \/>\n<meta name=\"twitter:label1\" content=\"\u9810\u4f30\u95b1\u8b80\u6642\u9593\" \/>\n\t<meta name=\"twitter:data1\" content=\"4 \u5206\u9418\" \/>\n<script type=\"application\/ld+json\" class=\"yoast-schema-graph\">{\"@context\":\"https:\/\/schema.org\",\"@graph\":[{\"@type\":\"WebPage\",\"@id\":\"https:\/\/www.orthoglobalhealth.com\/zh\/%e5%8a%9f%e8%83%bd%e6%80%a7%e7%9a%84\/\",\"url\":\"https:\/\/www.orthoglobalhealth.com\/zh\/%e5%8a%9f%e8%83%bd%e6%80%a7%e7%9a%84\/\",\"name\":\"\u529f\u80fd\u6027\u7684 - Ortho Global Health\",\"isPartOf\":{\"@id\":\"https:\/\/www.orthoglobalhealth.com\/zh\/#website\"},\"datePublished\":\"2015-09-16T07:47:20+00:00\",\"dateModified\":\"2020-12-15T03:33:04+00:00\",\"breadcrumb\":{\"@id\":\"https:\/\/www.orthoglobalhealth.com\/zh\/%e5%8a%9f%e8%83%bd%e6%80%a7%e7%9a%84\/#breadcrumb\"},\"inLanguage\":\"zh-TW\",\"potentialAction\":[{\"@type\":\"ReadAction\",\"target\":[\"https:\/\/www.orthoglobalhealth.com\/zh\/%e5%8a%9f%e8%83%bd%e6%80%a7%e7%9a%84\/\"]}]},{\"@type\":\"BreadcrumbList\",\"@id\":\"https:\/\/www.orthoglobalhealth.com\/zh\/%e5%8a%9f%e8%83%bd%e6%80%a7%e7%9a%84\/#breadcrumb\",\"itemListElement\":[{\"@type\":\"ListItem\",\"position\":1,\"name\":\"Home\",\"item\":\"https:\/\/www.orthoglobalhealth.com\/zh\/\"},{\"@type\":\"ListItem\",\"position\":2,\"name\":\"\u529f\u80fd\u6027\u7684\"}]},{\"@type\":\"WebSite\",\"@id\":\"https:\/\/www.orthoglobalhealth.com\/zh\/#website\",\"url\":\"https:\/\/www.orthoglobalhealth.com\/zh\/\",\"name\":\"Ortho Global Health\",\"description\":\"\",\"potentialAction\":[{\"@type\":\"SearchAction\",\"target\":{\"@type\":\"EntryPoint\",\"urlTemplate\":\"https:\/\/www.orthoglobalhealth.com\/zh\/?s={search_term_string}\"},\"query-input\":{\"@type\":\"PropertyValueSpecification\",\"valueRequired\":true,\"valueName\":\"search_term_string\"}}],\"inLanguage\":\"zh-TW\"}]}<\/script>\n<!-- \/ Yoast SEO plugin. -->","yoast_head_json":{"title":"\u529f\u80fd\u6027\u7684 - Ortho Global Health","robots":{"index":"index","follow":"follow","max-snippet":"max-snippet:-1","max-image-preview":"max-image-preview:large","max-video-preview":"max-video-preview:-1"},"canonical":"https:\/\/www.orthoglobalhealth.com\/zh\/\u529f\u80fd\u6027\u7684\/","og_locale":"zh_TW","og_type":"article","og_title":"\u529f\u80fd\u6027\u7684 - Ortho Global Health","og_description":"\u529f\u80fd\u5b66\u5bb6\uff08\u7259\u988c\u9762\u77eb\u5f62\uff09\uff1a\u529f\u80fd\u4ea7\u751f\u5f62\u6001\u6784\u9020\u3002 \u6211\u4eec\u5fc5\u987b\u5229\u7528\u73b0\u6709\u7684\u81ea\u7136\u529b\u91cf\u6765\u6539\u53d8\u9020\u6210\u5dee\u5f02\u7684\u529f\u80fd\u73af\u5883\uff08\u9762\u90e8\u808c\u8089\u7ec4\u7ec7\u3001 [&hellip;]","og_url":"https:\/\/www.orthoglobalhealth.com\/zh\/\u529f\u80fd\u6027\u7684\/","og_site_name":"Ortho Global Health","article_modified_time":"2020-12-15T03:33:04+00:00","twitter_card":"summary_large_image","twitter_misc":{"\u9810\u4f30\u95b1\u8b80\u6642\u9593":"4 \u5206\u9418"},"schema":{"@context":"https:\/\/schema.org","@graph":[{"@type":"WebPage","@id":"https:\/\/www.orthoglobalhealth.com\/zh\/%e5%8a%9f%e8%83%bd%e6%80%a7%e7%9a%84\/","url":"https:\/\/www.orthoglobalhealth.com\/zh\/%e5%8a%9f%e8%83%bd%e6%80%a7%e7%9a%84\/","name":"\u529f\u80fd\u6027\u7684 - Ortho Global Health","isPartOf":{"@id":"https:\/\/www.orthoglobalhealth.com\/zh\/#website"},"datePublished":"2015-09-16T07:47:20+00:00","dateModified":"2020-12-15T03:33:04+00:00","breadcrumb":{"@id":"https:\/\/www.orthoglobalhealth.com\/zh\/%e5%8a%9f%e8%83%bd%e6%80%a7%e7%9a%84\/#breadcrumb"},"inLanguage":"zh-TW","potentialAction":[{"@type":"ReadAction","target":["https:\/\/www.orthoglobalhealth.com\/zh\/%e5%8a%9f%e8%83%bd%e6%80%a7%e7%9a%84\/"]}]},{"@type":"BreadcrumbList","@id":"https:\/\/www.orthoglobalhealth.com\/zh\/%e5%8a%9f%e8%83%bd%e6%80%a7%e7%9a%84\/#breadcrumb","itemListElement":[{"@type":"ListItem","position":1,"name":"Home","item":"https:\/\/www.orthoglobalhealth.com\/zh\/"},{"@type":"ListItem","position":2,"name":"\u529f\u80fd\u6027\u7684"}]},{"@type":"WebSite","@id":"https:\/\/www.orthoglobalhealth.com\/zh\/#website","url":"https:\/\/www.orthoglobalhealth.com\/zh\/","name":"Ortho Global Health","description":"","potentialAction":[{"@type":"SearchAction","target":{"@type":"EntryPoint","urlTemplate":"https:\/\/www.orthoglobalhealth.com\/zh\/?s={search_term_string}"},"query-input":{"@type":"PropertyValueSpecification","valueRequired":true,"valueName":"search_term_string"}}],"inLanguage":"zh-TW"}]}},"jetpack_sharing_enabled":true,"_links":{"self":[{"href":"https:\/\/www.orthoglobalhealth.com\/zh\/wp-json\/wp\/v2\/pages\/85"}],"collection":[{"href":"https:\/\/www.orthoglobalhealth.com\/zh\/wp-json\/wp\/v2\/pages"}],"about":[{"href":"https:\/\/www.orthoglobalhealth.com\/zh\/wp-json\/wp\/v2\/types\/page"}],"author":[{"embeddable":true,"href":"https:\/\/www.orthoglobalhealth.com\/zh\/wp-json\/wp\/v2\/users\/1"}],"replies":[{"embeddable":true,"href":"https:\/\/www.orthoglobalhealth.com\/zh\/wp-json\/wp\/v2\/comments?post=85"}],"version-history":[{"count":27,"href":"https:\/\/www.orthoglobalhealth.com\/zh\/wp-json\/wp\/v2\/pages\/85\/revisions"}],"predecessor-version":[{"id":826,"href":"https:\/\/www.orthoglobalhealth.com\/zh\/wp-json\/wp\/v2\/pages\/85\/revisions\/826"}],"wp:attachment":[{"href":"https:\/\/www.orthoglobalhealth.com\/zh\/wp-json\/wp\/v2\/media?parent=85"}],"curies":[{"name":"wp","href":"https:\/\/api.w.org\/{rel}","templated":true}]}}